{"id":2307,"date":"2026-03-05T08:55:50","date_gmt":"2026-03-05T08:55:50","guid":{"rendered":"https:\/\/staging.summit-foundation.org\/?post_type=product&#038;p=2307"},"modified":"2026-03-05T09:55:54","modified_gmt":"2026-03-05T09:55:54","slug":"pince-a-dechets-pret","status":"publish","type":"product","link":"https:\/\/staging.summit-foundation.org\/it\/prodotto\/pince-a-dechets-pret\/","title":{"rendered":"Pince \u00e0 d\u00e9chets &#8211; Pr\u00eat"},"content":{"rendered":"<p>Une pince \u00e0 d\u00e9chets permet de ramasser de petits objets lors de vos randonn\u00e9es en montagne, sans vous salir les mains.<\/p>\n<p>La pince \u00e0 d\u00e9chets est compos\u00e9e \u00e0 100% de plastique provenant des bulles de BD du projet de sensibilisation de Summit Foundation. La campagne 2018-2022 a pu \u00eatre enti\u00e8rement recycl\u00e9e gr\u00e2ce \u00e0 cette initiative.<\/p>\n<p>La pince est accompagn\u00e9e d&rsquo;une attache qui provient de voiles de parapentes usag\u00e9es, permettant de l&rsquo;accrocher au sac \u00e0 dos ou \u00e0 une boucle de ceinture pour y avoir acc\u00e8s facilement et rapidement.<\/p>\n<p>&nbsp;<\/p>","protected":false},"excerpt":{"rendered":"<p>Procurez-vous une pince \u00e0 d\u00e9chets enti\u00e8rement produite gr\u00e2ce \u00e0 des bulles de BD de la campagne de sensibilisation de Summit Foundation.<\/p>","protected":false},"featured_media":2094,"comment_status":"closed","ping_status":"closed","template":"","meta":{"_acf_changed":false},"product_brand":[],"product_cat":[29],"product_tag":[],"class_list":{"0":"post-2307","1":"product","2":"type-product","3":"status-publish","4":"has-post-thumbnail","6":"product_cat-pret","7":"product_shipping_class-livraison-gratuite","9":"first","10":"instock","11":"purchasable","12":"product-type-redq_rental"},"acf":[],"yoast_head":"<!-- This site is optimized with the Yoast SEO plugin v26.8-RC7 - https:\/\/yoast.com\/product\/yoast-seo-wordpress\/ -->\n<title>Pince \u00e0 d\u00e9chets - Pr\u00eat - Summit Foundation<\/title>\n<meta name=\"robots\" content=\"index, follow, max-snippet:-1, max-image-preview:large, max-video-preview:-1\" \/>\n<link rel=\"canonical\" href=\"https:\/\/staging.summit-foundation.org\/it\/prodotto\/pince-a-dechets-pret\/\" \/>\n<meta property=\"og:locale\" content=\"it_IT\" \/>\n<meta property=\"og:type\" content=\"article\" \/>\n<meta property=\"og:title\" content=\"Pince \u00e0 d\u00e9chets - Pr\u00eat - Summit Foundation\" \/>\n<meta property=\"og:description\" content=\"Procurez-vous une pince \u00e0 d\u00e9chets enti\u00e8rement produite gr\u00e2ce \u00e0 des bulles de BD de la campagne de sensibilisation de Summit Foundation.\" \/>\n<meta property=\"og:url\" content=\"https:\/\/staging.summit-foundation.org\/it\/prodotto\/pince-a-dechets-pret\/\" \/>\n<meta property=\"og:site_name\" content=\"Summit Foundation\" \/>\n<meta property=\"article:modified_time\" content=\"2026-03-05T09:55:54+00:00\" \/>\n<meta property=\"og:image\" content=\"https:\/\/staging.summit-foundation.org\/wp-content\/uploads\/2026\/02\/Pince_LORISTHEURILLAT_CUP_KDERSTEG_007-scaled-1.webp\" \/>\n\t<meta property=\"og:image:width\" content=\"1463\" \/>\n\t<meta property=\"og:image:height\" content=\"2048\" \/>\n\t<meta property=\"og:image:type\" content=\"image\/webp\" \/>\n<meta name=\"twitter:card\" content=\"summary_large_image\" \/>\n<meta name=\"twitter:label1\" content=\"Tempo di lettura stimato\" \/>\n\t<meta name=\"twitter:data1\" content=\"1 minuto\" \/>\n<script type=\"application\/ld+json\" class=\"yoast-schema-graph\">{\"@context\":\"https:\/\/schema.org\",\"@graph\":[{\"@type\":\"WebPage\",\"@id\":\"https:\/\/staging.summit-foundation.org\/produit\/pince-a-dechets-pret\/\",\"url\":\"https:\/\/staging.summit-foundation.org\/produit\/pince-a-dechets-pret\/\",\"name\":\"Pince \u00e0 d\u00e9chets - Pr\u00eat - Summit Foundation\",\"isPartOf\":{\"@id\":\"https:\/\/staging.summit-foundation.org\/#website\"},\"primaryImageOfPage\":{\"@id\":\"https:\/\/staging.summit-foundation.org\/produit\/pince-a-dechets-pret\/#primaryimage\"},\"image\":{\"@id\":\"https:\/\/staging.summit-foundation.org\/produit\/pince-a-dechets-pret\/#primaryimage\"},\"thumbnailUrl\":\"https:\/\/staging.summit-foundation.org\/wp-content\/uploads\/2026\/02\/Pince_LORISTHEURILLAT_CUP_KDERSTEG_007-scaled-1.webp\",\"datePublished\":\"2026-03-05T08:55:50+00:00\",\"dateModified\":\"2026-03-05T09:55:54+00:00\",\"breadcrumb\":{\"@id\":\"https:\/\/staging.summit-foundation.org\/produit\/pince-a-dechets-pret\/#breadcrumb\"},\"inLanguage\":\"it-IT\",\"potentialAction\":[{\"@type\":\"ReadAction\",\"target\":[\"https:\/\/staging.summit-foundation.org\/produit\/pince-a-dechets-pret\/\"]}]},{\"@type\":\"ImageObject\",\"inLanguage\":\"it-IT\",\"@id\":\"https:\/\/staging.summit-foundation.org\/produit\/pince-a-dechets-pret\/#primaryimage\",\"url\":\"https:\/\/staging.summit-foundation.org\/wp-content\/uploads\/2026\/02\/Pince_LORISTHEURILLAT_CUP_KDERSTEG_007-scaled-1.webp\",\"contentUrl\":\"https:\/\/staging.summit-foundation.org\/wp-content\/uploads\/2026\/02\/Pince_LORISTHEURILLAT_CUP_KDERSTEG_007-scaled-1.webp\",\"width\":1463,\"height\":2048},{\"@type\":\"BreadcrumbList\",\"@id\":\"https:\/\/staging.summit-foundation.org\/produit\/pince-a-dechets-pret\/#breadcrumb\",\"itemListElement\":[{\"@type\":\"ListItem\",\"position\":1,\"name\":\"Accueil\",\"item\":\"https:\/\/staging.summit-foundation.org\/\"},{\"@type\":\"ListItem\",\"position\":2,\"name\":\"Boutique\",\"item\":\"https:\/\/staging.summit-foundation.org\/boutique\/\"},{\"@type\":\"ListItem\",\"position\":3,\"name\":\"Pince \u00e0 d\u00e9chets &#8211; Pr\u00eat\"}]},{\"@type\":\"WebSite\",\"@id\":\"https:\/\/staging.summit-foundation.org\/#website\",\"url\":\"https:\/\/staging.summit-foundation.org\/\",\"name\":\"Summit Foundation\",\"description\":\"WORKING FOR CLEANER MOUNTAINS\",\"potentialAction\":[{\"@type\":\"SearchAction\",\"target\":{\"@type\":\"EntryPoint\",\"urlTemplate\":\"https:\/\/staging.summit-foundation.org\/?s={search_term_string}\"},\"query-input\":{\"@type\":\"PropertyValueSpecification\",\"valueRequired\":true,\"valueName\":\"search_term_string\"}}],\"inLanguage\":\"it-IT\"}]}<\/script>\n<!-- \/ Yoast SEO plugin. -->","yoast_head_json":{"title":"Pince \u00e0 d\u00e9chets - Pr\u00eat - Summit Foundation","robots":{"index":"index","follow":"follow","max-snippet":"max-snippet:-1","max-image-preview":"max-image-preview:large","max-video-preview":"max-video-preview:-1"},"canonical":"https:\/\/staging.summit-foundation.org\/it\/prodotto\/pince-a-dechets-pret\/","og_locale":"it_IT","og_type":"article","og_title":"Pince \u00e0 d\u00e9chets - Pr\u00eat - Summit Foundation","og_description":"Procurez-vous une pince \u00e0 d\u00e9chets enti\u00e8rement produite gr\u00e2ce \u00e0 des bulles de BD de la campagne de sensibilisation de Summit Foundation.","og_url":"https:\/\/staging.summit-foundation.org\/it\/prodotto\/pince-a-dechets-pret\/","og_site_name":"Summit Foundation","article_modified_time":"2026-03-05T09:55:54+00:00","og_image":[{"width":1463,"height":2048,"url":"https:\/\/staging.summit-foundation.org\/wp-content\/uploads\/2026\/02\/Pince_LORISTHEURILLAT_CUP_KDERSTEG_007-scaled-1.webp","type":"image\/webp"}],"twitter_card":"summary_large_image","twitter_misc":{"Tempo di lettura stimato":"1 minuto"},"schema":{"@context":"https:\/\/schema.org","@graph":[{"@type":"WebPage","@id":"https:\/\/staging.summit-foundation.org\/produit\/pince-a-dechets-pret\/","url":"https:\/\/staging.summit-foundation.org\/produit\/pince-a-dechets-pret\/","name":"Pince \u00e0 d\u00e9chets - Pr\u00eat - Summit Foundation","isPartOf":{"@id":"https:\/\/staging.summit-foundation.org\/#website"},"primaryImageOfPage":{"@id":"https:\/\/staging.summit-foundation.org\/produit\/pince-a-dechets-pret\/#primaryimage"},"image":{"@id":"https:\/\/staging.summit-foundation.org\/produit\/pince-a-dechets-pret\/#primaryimage"},"thumbnailUrl":"https:\/\/staging.summit-foundation.org\/wp-content\/uploads\/2026\/02\/Pince_LORISTHEURILLAT_CUP_KDERSTEG_007-scaled-1.webp","datePublished":"2026-03-05T08:55:50+00:00","dateModified":"2026-03-05T09:55:54+00:00","breadcrumb":{"@id":"https:\/\/staging.summit-foundation.org\/produit\/pince-a-dechets-pret\/#breadcrumb"},"inLanguage":"it-IT","potentialAction":[{"@type":"ReadAction","target":["https:\/\/staging.summit-foundation.org\/produit\/pince-a-dechets-pret\/"]}]},{"@type":"ImageObject","inLanguage":"it-IT","@id":"https:\/\/staging.summit-foundation.org\/produit\/pince-a-dechets-pret\/#primaryimage","url":"https:\/\/staging.summit-foundation.org\/wp-content\/uploads\/2026\/02\/Pince_LORISTHEURILLAT_CUP_KDERSTEG_007-scaled-1.webp","contentUrl":"https:\/\/staging.summit-foundation.org\/wp-content\/uploads\/2026\/02\/Pince_LORISTHEURILLAT_CUP_KDERSTEG_007-scaled-1.webp","width":1463,"height":2048},{"@type":"BreadcrumbList","@id":"https:\/\/staging.summit-foundation.org\/produit\/pince-a-dechets-pret\/#breadcrumb","itemListElement":[{"@type":"ListItem","position":1,"name":"Accueil","item":"https:\/\/staging.summit-foundation.org\/"},{"@type":"ListItem","position":2,"name":"Boutique","item":"https:\/\/staging.summit-foundation.org\/boutique\/"},{"@type":"ListItem","position":3,"name":"Pince \u00e0 d\u00e9chets &#8211; Pr\u00eat"}]},{"@type":"WebSite","@id":"https:\/\/staging.summit-foundation.org\/#website","url":"https:\/\/staging.summit-foundation.org\/","name":"Summit Foundation","description":"WORKING FOR CLEANER MOUNTAINS","potentialAction":[{"@type":"SearchAction","target":{"@type":"EntryPoint","urlTemplate":"https:\/\/staging.summit-foundation.org\/?s={search_term_string}"},"query-input":{"@type":"PropertyValueSpecification","valueRequired":true,"valueName":"search_term_string"}}],"inLanguage":"it-IT"}]}},"_links":{"self":[{"href":"https:\/\/staging.summit-foundation.org\/it\/wp-json\/wp\/v2\/product\/2307","targetHints":{"allow":["GET"]}}],"collection":[{"href":"https:\/\/staging.summit-foundation.org\/it\/wp-json\/wp\/v2\/product"}],"about":[{"href":"https:\/\/staging.summit-foundation.org\/it\/wp-json\/wp\/v2\/types\/product"}],"replies":[{"embeddable":true,"href":"https:\/\/staging.summit-foundation.org\/it\/wp-json\/wp\/v2\/comments?post=2307"}],"version-history":[{"count":2,"href":"https:\/\/staging.summit-foundation.org\/it\/wp-json\/wp\/v2\/product\/2307\/revisions"}],"predecessor-version":[{"id":2468,"href":"https:\/\/staging.summit-foundation.org\/it\/wp-json\/wp\/v2\/product\/2307\/revisions\/2468"}],"wp:featuredmedia":[{"embeddable":true,"href":"https:\/\/staging.summit-foundation.org\/it\/wp-json\/wp\/v2\/media\/2094"}],"wp:attachment":[{"href":"https:\/\/staging.summit-foundation.org\/it\/wp-json\/wp\/v2\/media?parent=2307"}],"wp:term":[{"taxonomy":"product_brand","embeddable":true,"href":"https:\/\/staging.summit-foundation.org\/it\/wp-json\/wp\/v2\/product_brand?post=2307"},{"taxonomy":"product_cat","embeddable":true,"href":"https:\/\/staging.summit-foundation.org\/it\/wp-json\/wp\/v2\/product_cat?post=2307"},{"taxonomy":"product_tag","embeddable":true,"href":"https:\/\/staging.summit-foundation.org\/it\/wp-json\/wp\/v2\/product_tag?post=2307"}],"curies":[{"name":"wp","href":"https:\/\/api.w.org\/{rel}","templated":true}]}}