{"id":2008,"date":"2026-02-26T15:18:00","date_gmt":"2026-02-26T15:18:00","guid":{"rendered":"https:\/\/staging.summit-foundation.org\/?post_type=product&#038;p=2008"},"modified":"2026-02-26T15:18:19","modified_gmt":"2026-02-26T15:18:19","slug":"sac-a-dos-atlant","status":"publish","type":"product","link":"https:\/\/staging.summit-foundation.org\/it\/prodotto\/sac-a-dos-atlant\/","title":{"rendered":"Zaino Atlant"},"content":{"rendered":"<ul>\n<li>100% polyester recycl\u00e9<\/li>\n<li>Bretelles ajustables matelass\u00e9es<\/li>\n<li>Panneau dorsal rembourr\u00e9<\/li>\n<li>Sangle de poitrine ajustable<\/li>\n<li>Ceinture abdominale ajustable<\/li>\n<li>Poche en micropolaire pour masque de ski ou lunettes de soleil<\/li>\n<li>Compartiment ordinateur 13 pouces<\/li>\n<li>Compatible syst\u00e8me d&rsquo;hydratation<\/li>\n<li>Volume : 18 L<\/li>\n<\/ul>\n<p>&nbsp;<\/p>\n<p>\u00c9labor\u00e9 en France, produit au Vietnam<\/p>","protected":false},"excerpt":{"rendered":"<p>Sac Atlant de Picture Organic Clothing avec logo de Summit imprim\u00e9 \u00e0 l&rsquo;arri\u00e8re et sur l&rsquo;une des bretelles. Atlant permet d\u2019emporter l\u2019essentiel de ses affaires. Il convient \u00e0 un usage tr\u00e8s polyvalent que ce soit sur les pistes, en randos en raquettes \u00e0 neige mais aussi au quotidien.<\/p>","protected":false},"featured_media":2061,"comment_status":"closed","ping_status":"closed","template":"","meta":{"_acf_changed":false},"product_brand":[],"product_cat":[27],"product_tag":[],"class_list":{"0":"post-2008","1":"product","2":"type-product","3":"status-publish","4":"has-post-thumbnail","6":"product_cat-vetements-et-accessoires","7":"product_shipping_class-colis","9":"first","10":"outofstock","11":"taxable","12":"shipping-taxable","13":"purchasable","14":"product-type-simple"},"acf":[],"yoast_head":"<!-- This site is optimized with the Yoast SEO plugin v26.8-RC7 - https:\/\/yoast.com\/product\/yoast-seo-wordpress\/ -->\n<title>Sac \u00e0 dos Atlant - Summit Foundation<\/title>\n<meta name=\"robots\" content=\"index, follow, max-snippet:-1, max-image-preview:large, max-video-preview:-1\" \/>\n<link rel=\"canonical\" href=\"https:\/\/staging.summit-foundation.org\/it\/prodotto\/sac-a-dos-atlant\/\" \/>\n<meta property=\"og:locale\" content=\"it_IT\" \/>\n<meta property=\"og:type\" content=\"article\" \/>\n<meta property=\"og:title\" content=\"Sac \u00e0 dos Atlant - Summit Foundation\" \/>\n<meta property=\"og:description\" content=\"Sac Atlant de Picture Organic Clothing avec logo de Summit imprim\u00e9 \u00e0 l&#039;arri\u00e8re et sur l&#039;une des bretelles. Atlant permet d\u2019emporter l\u2019essentiel de ses affaires. Il convient \u00e0 un usage tr\u00e8s polyvalent que ce soit sur les pistes, en randos en raquettes \u00e0 neige mais aussi au quotidien.\" \/>\n<meta property=\"og:url\" content=\"https:\/\/staging.summit-foundation.org\/it\/prodotto\/sac-a-dos-atlant\/\" \/>\n<meta property=\"og:site_name\" content=\"Summit Foundation\" \/>\n<meta property=\"article:modified_time\" content=\"2026-02-26T15:18:19+00:00\" \/>\n<meta name=\"twitter:card\" content=\"summary_large_image\" \/>\n<script type=\"application\/ld+json\" class=\"yoast-schema-graph\">{\"@context\":\"https:\/\/schema.org\",\"@graph\":[{\"@type\":\"WebPage\",\"@id\":\"https:\/\/staging.summit-foundation.org\/produit\/sac-a-dos-atlant\/\",\"url\":\"https:\/\/staging.summit-foundation.org\/produit\/sac-a-dos-atlant\/\",\"name\":\"Sac \u00e0 dos Atlant - Summit Foundation\",\"isPartOf\":{\"@id\":\"https:\/\/staging.summit-foundation.org\/#website\"},\"primaryImageOfPage\":{\"@id\":\"https:\/\/staging.summit-foundation.org\/produit\/sac-a-dos-atlant\/#primaryimage\"},\"image\":{\"@id\":\"https:\/\/staging.summit-foundation.org\/produit\/sac-a-dos-atlant\/#primaryimage\"},\"thumbnailUrl\":\"https:\/\/staging.summit-foundation.org\/wp-content\/uploads\/2026\/02\/expo_dechet_290-scaled-1.webp\",\"datePublished\":\"2026-02-26T15:18:00+00:00\",\"dateModified\":\"2026-02-26T15:18:19+00:00\",\"breadcrumb\":{\"@id\":\"https:\/\/staging.summit-foundation.org\/produit\/sac-a-dos-atlant\/#breadcrumb\"},\"inLanguage\":\"it-IT\",\"potentialAction\":[{\"@type\":\"ReadAction\",\"target\":[\"https:\/\/staging.summit-foundation.org\/produit\/sac-a-dos-atlant\/\"]}]},{\"@type\":\"ImageObject\",\"inLanguage\":\"it-IT\",\"@id\":\"https:\/\/staging.summit-foundation.org\/produit\/sac-a-dos-atlant\/#primaryimage\",\"url\":\"https:\/\/staging.summit-foundation.org\/wp-content\/uploads\/2026\/02\/expo_dechet_290-scaled-1.webp\",\"contentUrl\":\"https:\/\/staging.summit-foundation.org\/wp-content\/uploads\/2026\/02\/expo_dechet_290-scaled-1.webp\",\"width\":2048,\"height\":1365},{\"@type\":\"BreadcrumbList\",\"@id\":\"https:\/\/staging.summit-foundation.org\/produit\/sac-a-dos-atlant\/#breadcrumb\",\"itemListElement\":[{\"@type\":\"ListItem\",\"position\":1,\"name\":\"Accueil\",\"item\":\"https:\/\/staging.summit-foundation.org\/\"},{\"@type\":\"ListItem\",\"position\":2,\"name\":\"Boutique\",\"item\":\"https:\/\/staging.summit-foundation.org\/boutique\/\"},{\"@type\":\"ListItem\",\"position\":3,\"name\":\"Sac \u00e0 dos Atlant\"}]},{\"@type\":\"WebSite\",\"@id\":\"https:\/\/staging.summit-foundation.org\/#website\",\"url\":\"https:\/\/staging.summit-foundation.org\/\",\"name\":\"Summit Foundation\",\"description\":\"WORKING FOR CLEANER MOUNTAINS\",\"potentialAction\":[{\"@type\":\"SearchAction\",\"target\":{\"@type\":\"EntryPoint\",\"urlTemplate\":\"https:\/\/staging.summit-foundation.org\/?s={search_term_string}\"},\"query-input\":{\"@type\":\"PropertyValueSpecification\",\"valueRequired\":true,\"valueName\":\"search_term_string\"}}],\"inLanguage\":\"it-IT\"}]}<\/script>\n<!-- \/ Yoast SEO plugin. -->","yoast_head_json":{"title":"Sac \u00e0 dos Atlant - Summit Foundation","robots":{"index":"index","follow":"follow","max-snippet":"max-snippet:-1","max-image-preview":"max-image-preview:large","max-video-preview":"max-video-preview:-1"},"canonical":"https:\/\/staging.summit-foundation.org\/it\/prodotto\/sac-a-dos-atlant\/","og_locale":"it_IT","og_type":"article","og_title":"Sac \u00e0 dos Atlant - Summit Foundation","og_description":"Sac Atlant de Picture Organic Clothing avec logo de Summit imprim\u00e9 \u00e0 l'arri\u00e8re et sur l'une des bretelles. Atlant permet d\u2019emporter l\u2019essentiel de ses affaires. Il convient \u00e0 un usage tr\u00e8s polyvalent que ce soit sur les pistes, en randos en raquettes \u00e0 neige mais aussi au quotidien.","og_url":"https:\/\/staging.summit-foundation.org\/it\/prodotto\/sac-a-dos-atlant\/","og_site_name":"Summit Foundation","article_modified_time":"2026-02-26T15:18:19+00:00","twitter_card":"summary_large_image","schema":{"@context":"https:\/\/schema.org","@graph":[{"@type":"WebPage","@id":"https:\/\/staging.summit-foundation.org\/produit\/sac-a-dos-atlant\/","url":"https:\/\/staging.summit-foundation.org\/produit\/sac-a-dos-atlant\/","name":"Sac \u00e0 dos Atlant - Summit Foundation","isPartOf":{"@id":"https:\/\/staging.summit-foundation.org\/#website"},"primaryImageOfPage":{"@id":"https:\/\/staging.summit-foundation.org\/produit\/sac-a-dos-atlant\/#primaryimage"},"image":{"@id":"https:\/\/staging.summit-foundation.org\/produit\/sac-a-dos-atlant\/#primaryimage"},"thumbnailUrl":"https:\/\/staging.summit-foundation.org\/wp-content\/uploads\/2026\/02\/expo_dechet_290-scaled-1.webp","datePublished":"2026-02-26T15:18:00+00:00","dateModified":"2026-02-26T15:18:19+00:00","breadcrumb":{"@id":"https:\/\/staging.summit-foundation.org\/produit\/sac-a-dos-atlant\/#breadcrumb"},"inLanguage":"it-IT","potentialAction":[{"@type":"ReadAction","target":["https:\/\/staging.summit-foundation.org\/produit\/sac-a-dos-atlant\/"]}]},{"@type":"ImageObject","inLanguage":"it-IT","@id":"https:\/\/staging.summit-foundation.org\/produit\/sac-a-dos-atlant\/#primaryimage","url":"https:\/\/staging.summit-foundation.org\/wp-content\/uploads\/2026\/02\/expo_dechet_290-scaled-1.webp","contentUrl":"https:\/\/staging.summit-foundation.org\/wp-content\/uploads\/2026\/02\/expo_dechet_290-scaled-1.webp","width":2048,"height":1365},{"@type":"BreadcrumbList","@id":"https:\/\/staging.summit-foundation.org\/produit\/sac-a-dos-atlant\/#breadcrumb","itemListElement":[{"@type":"ListItem","position":1,"name":"Accueil","item":"https:\/\/staging.summit-foundation.org\/"},{"@type":"ListItem","position":2,"name":"Boutique","item":"https:\/\/staging.summit-foundation.org\/boutique\/"},{"@type":"ListItem","position":3,"name":"Sac \u00e0 dos Atlant"}]},{"@type":"WebSite","@id":"https:\/\/staging.summit-foundation.org\/#website","url":"https:\/\/staging.summit-foundation.org\/","name":"Summit Foundation","description":"WORKING FOR CLEANER MOUNTAINS","potentialAction":[{"@type":"SearchAction","target":{"@type":"EntryPoint","urlTemplate":"https:\/\/staging.summit-foundation.org\/?s={search_term_string}"},"query-input":{"@type":"PropertyValueSpecification","valueRequired":true,"valueName":"search_term_string"}}],"inLanguage":"it-IT"}]}},"_links":{"self":[{"href":"https:\/\/staging.summit-foundation.org\/it\/wp-json\/wp\/v2\/product\/2008","targetHints":{"allow":["GET"]}}],"collection":[{"href":"https:\/\/staging.summit-foundation.org\/it\/wp-json\/wp\/v2\/product"}],"about":[{"href":"https:\/\/staging.summit-foundation.org\/it\/wp-json\/wp\/v2\/types\/product"}],"replies":[{"embeddable":true,"href":"https:\/\/staging.summit-foundation.org\/it\/wp-json\/wp\/v2\/comments?post=2008"}],"version-history":[{"count":1,"href":"https:\/\/staging.summit-foundation.org\/it\/wp-json\/wp\/v2\/product\/2008\/revisions"}],"predecessor-version":[{"id":2062,"href":"https:\/\/staging.summit-foundation.org\/it\/wp-json\/wp\/v2\/product\/2008\/revisions\/2062"}],"wp:featuredmedia":[{"embeddable":true,"href":"https:\/\/staging.summit-foundation.org\/it\/wp-json\/wp\/v2\/media\/2061"}],"wp:attachment":[{"href":"https:\/\/staging.summit-foundation.org\/it\/wp-json\/wp\/v2\/media?parent=2008"}],"wp:term":[{"taxonomy":"product_brand","embeddable":true,"href":"https:\/\/staging.summit-foundation.org\/it\/wp-json\/wp\/v2\/product_brand?post=2008"},{"taxonomy":"product_cat","embeddable":true,"href":"https:\/\/staging.summit-foundation.org\/it\/wp-json\/wp\/v2\/product_cat?post=2008"},{"taxonomy":"product_tag","embeddable":true,"href":"https:\/\/staging.summit-foundation.org\/it\/wp-json\/wp\/v2\/product_tag?post=2008"}],"curies":[{"name":"wp","href":"https:\/\/api.w.org\/{rel}","templated":true}]}}