{"id":2002,"date":"2026-02-26T15:18:00","date_gmt":"2026-02-26T15:18:00","guid":{"rendered":"https:\/\/staging.summit-foundation.org\/?post_type=product&#038;p=2002"},"modified":"2026-02-26T15:18:09","modified_gmt":"2026-02-26T15:18:09","slug":"lunchbox-l","status":"publish","type":"product","link":"https:\/\/staging.summit-foundation.org\/it\/prodotto\/lunchbox-l\/","title":{"rendered":"Lunchbox+ \u00ab\u00a0L\u00a0\u00bb"},"content":{"rendered":"<p>L\u2019int\u00e9rieur est compos\u00e9 d\u2019une assiette en polypropyl\u00e8ne avec un s\u00e9parateur pouvant aller au micro-ondes et passer au lave-vaisselle. La fermeture de s\u00e9curit\u00e9 permet d\u2019\u00e9viter une ouverture accidentelle dans le sac \u00e0 dos. Les mat\u00e9riaux utilis\u00e9s pour la fabrication de la lunchbox sont sans BPA.<\/p>\n<p>&nbsp;<\/p>\n<p>Entretien\u00a0: il est recommand\u00e9 de laver les parties en alu \u00e0 la main. L\u2019insert en polypropyl\u00e8ne et le s\u00e9parateur d\u2019aliments peuvent \u00eatre nettoy\u00e9s au lave-vaisselle.<br \/>\nElabor\u00e9e en Suisse, fabriqu\u00e9e en Chine<\/p>","protected":false},"excerpt":{"rendered":"<p>La lunch box SIGG est un produit ultral\u00e9ger et le compagnon id\u00e9al pour votre pique-nique lors de vos randonn\u00e9es en montagne.<\/p>","protected":false},"featured_media":2039,"comment_status":"closed","ping_status":"closed","template":"","meta":{"_acf_changed":false},"product_brand":[],"product_cat":[26],"product_tag":[],"class_list":{"0":"post-2002","1":"product","2":"type-product","3":"status-publish","4":"has-post-thumbnail","6":"product_cat-zero-dechet","7":"product_shipping_class-colis","9":"first","10":"instock","11":"taxable","12":"shipping-taxable","13":"purchasable","14":"product-type-simple"},"acf":[],"yoast_head":"<!-- This site is optimized with the Yoast SEO plugin v26.8-RC7 - https:\/\/yoast.com\/product\/yoast-seo-wordpress\/ -->\n<title>Lunchbox+ &quot;L&quot; - Summit Foundation<\/title>\n<meta name=\"robots\" content=\"index, follow, max-snippet:-1, max-image-preview:large, max-video-preview:-1\" \/>\n<link rel=\"canonical\" href=\"https:\/\/staging.summit-foundation.org\/it\/prodotto\/lunchbox-l\/\" \/>\n<meta property=\"og:locale\" content=\"it_IT\" \/>\n<meta property=\"og:type\" content=\"article\" \/>\n<meta property=\"og:title\" content=\"Lunchbox+ &quot;L&quot; - Summit Foundation\" \/>\n<meta property=\"og:description\" content=\"La lunch box SIGG est un produit ultral\u00e9ger et le compagnon id\u00e9al pour votre pique-nique lors de vos randonn\u00e9es en montagne.\" \/>\n<meta property=\"og:url\" content=\"https:\/\/staging.summit-foundation.org\/it\/prodotto\/lunchbox-l\/\" \/>\n<meta property=\"og:site_name\" content=\"Summit Foundation\" \/>\n<meta property=\"article:modified_time\" content=\"2026-02-26T15:18:09+00:00\" \/>\n<meta name=\"twitter:card\" content=\"summary_large_image\" \/>\n<script type=\"application\/ld+json\" class=\"yoast-schema-graph\">{\"@context\":\"https:\/\/schema.org\",\"@graph\":[{\"@type\":\"WebPage\",\"@id\":\"https:\/\/staging.summit-foundation.org\/produit\/lunchbox-l\/\",\"url\":\"https:\/\/staging.summit-foundation.org\/produit\/lunchbox-l\/\",\"name\":\"Lunchbox+ \\\"L\\\" - Summit Foundation\",\"isPartOf\":{\"@id\":\"https:\/\/staging.summit-foundation.org\/#website\"},\"primaryImageOfPage\":{\"@id\":\"https:\/\/staging.summit-foundation.org\/produit\/lunchbox-l\/#primaryimage\"},\"image\":{\"@id\":\"https:\/\/staging.summit-foundation.org\/produit\/lunchbox-l\/#primaryimage\"},\"thumbnailUrl\":\"https:\/\/staging.summit-foundation.org\/wp-content\/uploads\/2026\/02\/expo_dechet_359-scaled-1.webp\",\"datePublished\":\"2026-02-26T15:18:00+00:00\",\"dateModified\":\"2026-02-26T15:18:09+00:00\",\"breadcrumb\":{\"@id\":\"https:\/\/staging.summit-foundation.org\/produit\/lunchbox-l\/#breadcrumb\"},\"inLanguage\":\"it-IT\",\"potentialAction\":[{\"@type\":\"ReadAction\",\"target\":[\"https:\/\/staging.summit-foundation.org\/produit\/lunchbox-l\/\"]}]},{\"@type\":\"ImageObject\",\"inLanguage\":\"it-IT\",\"@id\":\"https:\/\/staging.summit-foundation.org\/produit\/lunchbox-l\/#primaryimage\",\"url\":\"https:\/\/staging.summit-foundation.org\/wp-content\/uploads\/2026\/02\/expo_dechet_359-scaled-1.webp\",\"contentUrl\":\"https:\/\/staging.summit-foundation.org\/wp-content\/uploads\/2026\/02\/expo_dechet_359-scaled-1.webp\",\"width\":2048,\"height\":1365},{\"@type\":\"BreadcrumbList\",\"@id\":\"https:\/\/staging.summit-foundation.org\/produit\/lunchbox-l\/#breadcrumb\",\"itemListElement\":[{\"@type\":\"ListItem\",\"position\":1,\"name\":\"Accueil\",\"item\":\"https:\/\/staging.summit-foundation.org\/\"},{\"@type\":\"ListItem\",\"position\":2,\"name\":\"Boutique\",\"item\":\"https:\/\/staging.summit-foundation.org\/boutique\/\"},{\"@type\":\"ListItem\",\"position\":3,\"name\":\"Lunchbox+ \u00ab\u00a0L\u00a0\u00bb\"}]},{\"@type\":\"WebSite\",\"@id\":\"https:\/\/staging.summit-foundation.org\/#website\",\"url\":\"https:\/\/staging.summit-foundation.org\/\",\"name\":\"Summit Foundation\",\"description\":\"WORKING FOR CLEANER MOUNTAINS\",\"potentialAction\":[{\"@type\":\"SearchAction\",\"target\":{\"@type\":\"EntryPoint\",\"urlTemplate\":\"https:\/\/staging.summit-foundation.org\/?s={search_term_string}\"},\"query-input\":{\"@type\":\"PropertyValueSpecification\",\"valueRequired\":true,\"valueName\":\"search_term_string\"}}],\"inLanguage\":\"it-IT\"}]}<\/script>\n<!-- \/ Yoast SEO plugin. -->","yoast_head_json":{"title":"Lunchbox+ \"L\" - Summit Foundation","robots":{"index":"index","follow":"follow","max-snippet":"max-snippet:-1","max-image-preview":"max-image-preview:large","max-video-preview":"max-video-preview:-1"},"canonical":"https:\/\/staging.summit-foundation.org\/it\/prodotto\/lunchbox-l\/","og_locale":"it_IT","og_type":"article","og_title":"Lunchbox+ \"L\" - Summit Foundation","og_description":"La lunch box SIGG est un produit ultral\u00e9ger et le compagnon id\u00e9al pour votre pique-nique lors de vos randonn\u00e9es en montagne.","og_url":"https:\/\/staging.summit-foundation.org\/it\/prodotto\/lunchbox-l\/","og_site_name":"Summit Foundation","article_modified_time":"2026-02-26T15:18:09+00:00","twitter_card":"summary_large_image","schema":{"@context":"https:\/\/schema.org","@graph":[{"@type":"WebPage","@id":"https:\/\/staging.summit-foundation.org\/produit\/lunchbox-l\/","url":"https:\/\/staging.summit-foundation.org\/produit\/lunchbox-l\/","name":"Lunchbox+ \"L\" - Summit Foundation","isPartOf":{"@id":"https:\/\/staging.summit-foundation.org\/#website"},"primaryImageOfPage":{"@id":"https:\/\/staging.summit-foundation.org\/produit\/lunchbox-l\/#primaryimage"},"image":{"@id":"https:\/\/staging.summit-foundation.org\/produit\/lunchbox-l\/#primaryimage"},"thumbnailUrl":"https:\/\/staging.summit-foundation.org\/wp-content\/uploads\/2026\/02\/expo_dechet_359-scaled-1.webp","datePublished":"2026-02-26T15:18:00+00:00","dateModified":"2026-02-26T15:18:09+00:00","breadcrumb":{"@id":"https:\/\/staging.summit-foundation.org\/produit\/lunchbox-l\/#breadcrumb"},"inLanguage":"it-IT","potentialAction":[{"@type":"ReadAction","target":["https:\/\/staging.summit-foundation.org\/produit\/lunchbox-l\/"]}]},{"@type":"ImageObject","inLanguage":"it-IT","@id":"https:\/\/staging.summit-foundation.org\/produit\/lunchbox-l\/#primaryimage","url":"https:\/\/staging.summit-foundation.org\/wp-content\/uploads\/2026\/02\/expo_dechet_359-scaled-1.webp","contentUrl":"https:\/\/staging.summit-foundation.org\/wp-content\/uploads\/2026\/02\/expo_dechet_359-scaled-1.webp","width":2048,"height":1365},{"@type":"BreadcrumbList","@id":"https:\/\/staging.summit-foundation.org\/produit\/lunchbox-l\/#breadcrumb","itemListElement":[{"@type":"ListItem","position":1,"name":"Accueil","item":"https:\/\/staging.summit-foundation.org\/"},{"@type":"ListItem","position":2,"name":"Boutique","item":"https:\/\/staging.summit-foundation.org\/boutique\/"},{"@type":"ListItem","position":3,"name":"Lunchbox+ \u00ab\u00a0L\u00a0\u00bb"}]},{"@type":"WebSite","@id":"https:\/\/staging.summit-foundation.org\/#website","url":"https:\/\/staging.summit-foundation.org\/","name":"Summit Foundation","description":"WORKING FOR CLEANER MOUNTAINS","potentialAction":[{"@type":"SearchAction","target":{"@type":"EntryPoint","urlTemplate":"https:\/\/staging.summit-foundation.org\/?s={search_term_string}"},"query-input":{"@type":"PropertyValueSpecification","valueRequired":true,"valueName":"search_term_string"}}],"inLanguage":"it-IT"}]}},"_links":{"self":[{"href":"https:\/\/staging.summit-foundation.org\/it\/wp-json\/wp\/v2\/product\/2002","targetHints":{"allow":["GET"]}}],"collection":[{"href":"https:\/\/staging.summit-foundation.org\/it\/wp-json\/wp\/v2\/product"}],"about":[{"href":"https:\/\/staging.summit-foundation.org\/it\/wp-json\/wp\/v2\/types\/product"}],"replies":[{"embeddable":true,"href":"https:\/\/staging.summit-foundation.org\/it\/wp-json\/wp\/v2\/comments?post=2002"}],"version-history":[{"count":1,"href":"https:\/\/staging.summit-foundation.org\/it\/wp-json\/wp\/v2\/product\/2002\/revisions"}],"predecessor-version":[{"id":2040,"href":"https:\/\/staging.summit-foundation.org\/it\/wp-json\/wp\/v2\/product\/2002\/revisions\/2040"}],"wp:featuredmedia":[{"embeddable":true,"href":"https:\/\/staging.summit-foundation.org\/it\/wp-json\/wp\/v2\/media\/2039"}],"wp:attachment":[{"href":"https:\/\/staging.summit-foundation.org\/it\/wp-json\/wp\/v2\/media?parent=2002"}],"wp:term":[{"taxonomy":"product_brand","embeddable":true,"href":"https:\/\/staging.summit-foundation.org\/it\/wp-json\/wp\/v2\/product_brand?post=2002"},{"taxonomy":"product_cat","embeddable":true,"href":"https:\/\/staging.summit-foundation.org\/it\/wp-json\/wp\/v2\/product_cat?post=2002"},{"taxonomy":"product_tag","embeddable":true,"href":"https:\/\/staging.summit-foundation.org\/it\/wp-json\/wp\/v2\/product_tag?post=2002"}],"curies":[{"name":"wp","href":"https:\/\/api.w.org\/{rel}","templated":true}]}}