{"id":2072,"date":"2026-02-26T15:18:22","date_gmt":"2026-02-26T15:18:22","guid":{"rendered":"https:\/\/staging.summit-foundation.org\/?post_type=product&#038;p=2072"},"modified":"2026-02-26T15:18:41","modified_gmt":"2026-02-26T15:18:41","slug":"linge-de-bain-summit-foundation-en-serie-limitee","status":"publish","type":"product","link":"https:\/\/staging.summit-foundation.org\/en\/product\/linge-de-bain-summit-foundation-en-serie-limitee\/","title":{"rendered":"Summit Foundation limited-edition bath linen"},"content":{"rendered":"<p>L&rsquo;\u00e9t\u00e9 est l\u00e0, Summit Foundation vous propose un linge de bain en coton bio et lin r\u00e9alis\u00e9 en collaboration avec notre partenaire de longue date: la marque suisse lavie.<\/p>\n<p>Gr\u00e2ce \u00e0 leur g\u00e9n\u00e9rosit\u00e9, CHF 35.- est revers\u00e9 \u00e0 notre ONG sur chaque achat.<\/p>\n<p>Il s&rsquo;agit d&rsquo;une s\u00e9rie limit\u00e9e \u00e0 20 pi\u00e8ces uniquement.<\/p>\n<p><strong>Dimensions<\/strong><br \/>\n90 x 170 cm<\/p>\n<p><strong>Composition<\/strong><br \/>\n70 % de coton biologique et 30 % de lin<\/p>\n<div class=\"waschhinweis-absatz\"><strong>Laver avec des couleurs similaires<br \/>\n<\/strong><img loading=\"lazy\" decoding=\"async\" class=\"waschhinweis-icons alignnone size-full wp-image-2140\" src=\"https:\/\/lavie-home.ch\/cms\/wp-content\/uploads\/2023\/03\/lavie-waschhinweise-40-grad.png\" alt=\"\" width=\"153\" height=\"32\" \/><\/div>\n<p><strong>Caract\u00e9ristiques suppl\u00e9mentaires<\/strong><\/p>\n<ul>\n<li>Certifi\u00e9 GOTS (Global Organic Textile Standard)<\/li>\n<li>Certifi\u00e9 selon OEKO-TEX\u00ae STANDARD 100<\/li>\n<li>Extra doux gr\u00e2ce au pr\u00e9lavage<\/li>\n<li>Teint\u00e9 dans la masse<\/li>\n<\/ul>\n<p>Plus d&rsquo;informations sur lavie et son engagement pour notre ONG : <a href=\"https:\/\/lavie-home.ch\/engagement\/\" target=\"_blank\" rel=\"noopener\">https:\/\/lavie-home.ch\/engagement\/<\/a><\/p>","protected":false},"excerpt":{"rendered":"<p>Procurez-vous un linge de bain Summit Foundation x lavie. CHF 35.- sont revers\u00e9s par notre partenaire lavie \u00e0 notre ONG pour chaque article vendu.<\/p>","protected":false},"featured_media":2101,"comment_status":"closed","ping_status":"closed","template":"","meta":{"_acf_changed":false},"product_brand":[],"product_cat":[27],"product_tag":[],"class_list":{"0":"post-2072","1":"product","2":"type-product","3":"status-publish","4":"has-post-thumbnail","6":"product_cat-vetements-et-accessoires","7":"product_shipping_class-livraison-gratuite","9":"first","10":"instock","11":"featured","12":"purchasable","13":"product-type-simple"},"acf":[],"yoast_head":"<!-- This site is optimized with the Yoast SEO plugin v26.8-RC7 - https:\/\/yoast.com\/product\/yoast-seo-wordpress\/ -->\n<title>Linge de bain Summit Foundation en s\u00e9rie limit\u00e9e - Summit Foundation<\/title>\n<meta name=\"robots\" content=\"index, follow, max-snippet:-1, max-image-preview:large, max-video-preview:-1\" \/>\n<link rel=\"canonical\" href=\"https:\/\/staging.summit-foundation.org\/en\/product\/linge-de-bain-summit-foundation-en-serie-limitee\/\" \/>\n<meta property=\"og:locale\" content=\"en_US\" \/>\n<meta property=\"og:type\" content=\"article\" \/>\n<meta property=\"og:title\" content=\"Linge de bain Summit Foundation en s\u00e9rie limit\u00e9e - Summit Foundation\" \/>\n<meta property=\"og:description\" content=\"Procurez-vous un linge de bain Summit Foundation x lavie. CHF 35.- sont revers\u00e9s par notre partenaire lavie \u00e0 notre ONG pour chaque article vendu.\" \/>\n<meta property=\"og:url\" content=\"https:\/\/staging.summit-foundation.org\/en\/product\/linge-de-bain-summit-foundation-en-serie-limitee\/\" \/>\n<meta property=\"og:site_name\" content=\"Summit Foundation\" \/>\n<meta property=\"article:modified_time\" content=\"2026-02-26T15:18:41+00:00\" \/>\n<meta name=\"twitter:card\" content=\"summary_large_image\" \/>\n<meta name=\"twitter:label1\" content=\"Est. reading time\" \/>\n\t<meta name=\"twitter:data1\" content=\"1 minute\" \/>\n<script type=\"application\/ld+json\" class=\"yoast-schema-graph\">{\"@context\":\"https:\/\/schema.org\",\"@graph\":[{\"@type\":\"WebPage\",\"@id\":\"https:\/\/staging.summit-foundation.org\/produit\/linge-de-bain-summit-foundation-en-serie-limitee\/\",\"url\":\"https:\/\/staging.summit-foundation.org\/produit\/linge-de-bain-summit-foundation-en-serie-limitee\/\",\"name\":\"Linge de bain Summit Foundation en s\u00e9rie limit\u00e9e - Summit Foundation\",\"isPartOf\":{\"@id\":\"https:\/\/staging.summit-foundation.org\/#website\"},\"primaryImageOfPage\":{\"@id\":\"https:\/\/staging.summit-foundation.org\/produit\/linge-de-bain-summit-foundation-en-serie-limitee\/#primaryimage\"},\"image\":{\"@id\":\"https:\/\/staging.summit-foundation.org\/produit\/linge-de-bain-summit-foundation-en-serie-limitee\/#primaryimage\"},\"thumbnailUrl\":\"https:\/\/staging.summit-foundation.org\/wp-content\/uploads\/2026\/02\/20240702_100233_2-scaled-1.webp\",\"datePublished\":\"2026-02-26T15:18:22+00:00\",\"dateModified\":\"2026-02-26T15:18:41+00:00\",\"breadcrumb\":{\"@id\":\"https:\/\/staging.summit-foundation.org\/produit\/linge-de-bain-summit-foundation-en-serie-limitee\/#breadcrumb\"},\"inLanguage\":\"en-US\",\"potentialAction\":[{\"@type\":\"ReadAction\",\"target\":[\"https:\/\/staging.summit-foundation.org\/produit\/linge-de-bain-summit-foundation-en-serie-limitee\/\"]}]},{\"@type\":\"ImageObject\",\"inLanguage\":\"en-US\",\"@id\":\"https:\/\/staging.summit-foundation.org\/produit\/linge-de-bain-summit-foundation-en-serie-limitee\/#primaryimage\",\"url\":\"https:\/\/staging.summit-foundation.org\/wp-content\/uploads\/2026\/02\/20240702_100233_2-scaled-1.webp\",\"contentUrl\":\"https:\/\/staging.summit-foundation.org\/wp-content\/uploads\/2026\/02\/20240702_100233_2-scaled-1.webp\",\"width\":1920,\"height\":2560},{\"@type\":\"BreadcrumbList\",\"@id\":\"https:\/\/staging.summit-foundation.org\/produit\/linge-de-bain-summit-foundation-en-serie-limitee\/#breadcrumb\",\"itemListElement\":[{\"@type\":\"ListItem\",\"position\":1,\"name\":\"Accueil\",\"item\":\"https:\/\/staging.summit-foundation.org\/\"},{\"@type\":\"ListItem\",\"position\":2,\"name\":\"Boutique\",\"item\":\"https:\/\/staging.summit-foundation.org\/boutique\/\"},{\"@type\":\"ListItem\",\"position\":3,\"name\":\"Linge de bain Summit Foundation en s\u00e9rie limit\u00e9e\"}]},{\"@type\":\"WebSite\",\"@id\":\"https:\/\/staging.summit-foundation.org\/#website\",\"url\":\"https:\/\/staging.summit-foundation.org\/\",\"name\":\"Summit Foundation\",\"description\":\"WORKING FOR CLEANER MOUNTAINS\",\"potentialAction\":[{\"@type\":\"SearchAction\",\"target\":{\"@type\":\"EntryPoint\",\"urlTemplate\":\"https:\/\/staging.summit-foundation.org\/?s={search_term_string}\"},\"query-input\":{\"@type\":\"PropertyValueSpecification\",\"valueRequired\":true,\"valueName\":\"search_term_string\"}}],\"inLanguage\":\"en-US\"}]}<\/script>\n<!-- \/ Yoast SEO plugin. -->","yoast_head_json":{"title":"Linge de bain Summit Foundation en s\u00e9rie limit\u00e9e - Summit Foundation","robots":{"index":"index","follow":"follow","max-snippet":"max-snippet:-1","max-image-preview":"max-image-preview:large","max-video-preview":"max-video-preview:-1"},"canonical":"https:\/\/staging.summit-foundation.org\/en\/product\/linge-de-bain-summit-foundation-en-serie-limitee\/","og_locale":"en_US","og_type":"article","og_title":"Linge de bain Summit Foundation en s\u00e9rie limit\u00e9e - Summit Foundation","og_description":"Procurez-vous un linge de bain Summit Foundation x lavie. CHF 35.- sont revers\u00e9s par notre partenaire lavie \u00e0 notre ONG pour chaque article vendu.","og_url":"https:\/\/staging.summit-foundation.org\/en\/product\/linge-de-bain-summit-foundation-en-serie-limitee\/","og_site_name":"Summit Foundation","article_modified_time":"2026-02-26T15:18:41+00:00","twitter_card":"summary_large_image","twitter_misc":{"Est. reading time":"1 minute"},"schema":{"@context":"https:\/\/schema.org","@graph":[{"@type":"WebPage","@id":"https:\/\/staging.summit-foundation.org\/produit\/linge-de-bain-summit-foundation-en-serie-limitee\/","url":"https:\/\/staging.summit-foundation.org\/produit\/linge-de-bain-summit-foundation-en-serie-limitee\/","name":"Linge de bain Summit Foundation en s\u00e9rie limit\u00e9e - Summit Foundation","isPartOf":{"@id":"https:\/\/staging.summit-foundation.org\/#website"},"primaryImageOfPage":{"@id":"https:\/\/staging.summit-foundation.org\/produit\/linge-de-bain-summit-foundation-en-serie-limitee\/#primaryimage"},"image":{"@id":"https:\/\/staging.summit-foundation.org\/produit\/linge-de-bain-summit-foundation-en-serie-limitee\/#primaryimage"},"thumbnailUrl":"https:\/\/staging.summit-foundation.org\/wp-content\/uploads\/2026\/02\/20240702_100233_2-scaled-1.webp","datePublished":"2026-02-26T15:18:22+00:00","dateModified":"2026-02-26T15:18:41+00:00","breadcrumb":{"@id":"https:\/\/staging.summit-foundation.org\/produit\/linge-de-bain-summit-foundation-en-serie-limitee\/#breadcrumb"},"inLanguage":"en-US","potentialAction":[{"@type":"ReadAction","target":["https:\/\/staging.summit-foundation.org\/produit\/linge-de-bain-summit-foundation-en-serie-limitee\/"]}]},{"@type":"ImageObject","inLanguage":"en-US","@id":"https:\/\/staging.summit-foundation.org\/produit\/linge-de-bain-summit-foundation-en-serie-limitee\/#primaryimage","url":"https:\/\/staging.summit-foundation.org\/wp-content\/uploads\/2026\/02\/20240702_100233_2-scaled-1.webp","contentUrl":"https:\/\/staging.summit-foundation.org\/wp-content\/uploads\/2026\/02\/20240702_100233_2-scaled-1.webp","width":1920,"height":2560},{"@type":"BreadcrumbList","@id":"https:\/\/staging.summit-foundation.org\/produit\/linge-de-bain-summit-foundation-en-serie-limitee\/#breadcrumb","itemListElement":[{"@type":"ListItem","position":1,"name":"Accueil","item":"https:\/\/staging.summit-foundation.org\/"},{"@type":"ListItem","position":2,"name":"Boutique","item":"https:\/\/staging.summit-foundation.org\/boutique\/"},{"@type":"ListItem","position":3,"name":"Linge de bain Summit Foundation en s\u00e9rie limit\u00e9e"}]},{"@type":"WebSite","@id":"https:\/\/staging.summit-foundation.org\/#website","url":"https:\/\/staging.summit-foundation.org\/","name":"Summit Foundation","description":"WORKING FOR CLEANER MOUNTAINS","potentialAction":[{"@type":"SearchAction","target":{"@type":"EntryPoint","urlTemplate":"https:\/\/staging.summit-foundation.org\/?s={search_term_string}"},"query-input":{"@type":"PropertyValueSpecification","valueRequired":true,"valueName":"search_term_string"}}],"inLanguage":"en-US"}]}},"_links":{"self":[{"href":"https:\/\/staging.summit-foundation.org\/en\/wp-json\/wp\/v2\/product\/2072","targetHints":{"allow":["GET"]}}],"collection":[{"href":"https:\/\/staging.summit-foundation.org\/en\/wp-json\/wp\/v2\/product"}],"about":[{"href":"https:\/\/staging.summit-foundation.org\/en\/wp-json\/wp\/v2\/types\/product"}],"replies":[{"embeddable":true,"href":"https:\/\/staging.summit-foundation.org\/en\/wp-json\/wp\/v2\/comments?post=2072"}],"version-history":[{"count":2,"href":"https:\/\/staging.summit-foundation.org\/en\/wp-json\/wp\/v2\/product\/2072\/revisions"}],"predecessor-version":[{"id":2451,"href":"https:\/\/staging.summit-foundation.org\/en\/wp-json\/wp\/v2\/product\/2072\/revisions\/2451"}],"wp:featuredmedia":[{"embeddable":true,"href":"https:\/\/staging.summit-foundation.org\/en\/wp-json\/wp\/v2\/media\/2101"}],"wp:attachment":[{"href":"https:\/\/staging.summit-foundation.org\/en\/wp-json\/wp\/v2\/media?parent=2072"}],"wp:term":[{"taxonomy":"product_brand","embeddable":true,"href":"https:\/\/staging.summit-foundation.org\/en\/wp-json\/wp\/v2\/product_brand?post=2072"},{"taxonomy":"product_cat","embeddable":true,"href":"https:\/\/staging.summit-foundation.org\/en\/wp-json\/wp\/v2\/product_cat?post=2072"},{"taxonomy":"product_tag","embeddable":true,"href":"https:\/\/staging.summit-foundation.org\/en\/wp-json\/wp\/v2\/product_tag?post=2072"}],"curies":[{"name":"wp","href":"https:\/\/api.w.org\/{rel}","templated":true}]}}