{"id":2001,"date":"2026-02-26T15:18:00","date_gmt":"2026-02-26T15:18:00","guid":{"rendered":"https:\/\/staging.summit-foundation.org\/?post_type=product&#038;p=2001"},"modified":"2026-02-26T15:18:08","modified_gmt":"2026-02-26T15:18:08","slug":"gourde","status":"publish","type":"product","link":"https:\/\/staging.summit-foundation.org\/en\/product\/gourde\/","title":{"rendered":"Water bottle"},"content":{"rendered":"<p>Gourde SIGG avec un autocollant Summit Foundation appos\u00e9 dessus. Cette gourde en aluminium de grande qualit\u00e9 et r\u00e9utilisable est extr\u00eamement l\u00e9g\u00e8re et solide. Elle est d\u2019une \u00e9tanch\u00e9it\u00e9 parfaite m\u00eame remplie d\u2019une boisson gazeuse.<\/p>\n<p>La gourde SIGG est la seule gourde en aluminium fabriqu\u00e9 en Suisse. C&rsquo;est pourquoi nous avons choisi de la commercialiser parmi nos accessoires de montagne.<\/p>\n<p>Entretien: il est recommand\u00e9 de laver la gourde \u00e0 la main.<\/p>","protected":false},"excerpt":{"rendered":"<p>La gourde SIGG Summit Foundation est un classique \u00e0 emporter partout avec soi. Elle est fabriqu\u00e9e en Suisse en aluminium et toutes les pi\u00e8ces sont sans PBA.<\/p>","protected":false},"featured_media":2035,"comment_status":"closed","ping_status":"closed","template":"","meta":{"_acf_changed":false},"product_brand":[],"product_cat":[26],"product_tag":[],"class_list":{"0":"post-2001","1":"product","2":"type-product","3":"status-publish","4":"has-post-thumbnail","6":"product_cat-zero-dechet","7":"product_shipping_class-colis","9":"first","10":"instock","11":"taxable","12":"shipping-taxable","13":"purchasable","14":"product-type-simple"},"acf":[],"yoast_head":"<!-- This site is optimized with the Yoast SEO plugin v26.8-RC7 - https:\/\/yoast.com\/product\/yoast-seo-wordpress\/ -->\n<title>Gourde - Summit Foundation<\/title>\n<meta name=\"robots\" content=\"index, follow, max-snippet:-1, max-image-preview:large, max-video-preview:-1\" \/>\n<link rel=\"canonical\" href=\"https:\/\/staging.summit-foundation.org\/en\/product\/gourde\/\" \/>\n<meta property=\"og:locale\" content=\"en_US\" \/>\n<meta property=\"og:type\" content=\"article\" \/>\n<meta property=\"og:title\" content=\"Gourde - Summit Foundation\" \/>\n<meta property=\"og:description\" content=\"La gourde SIGG Summit Foundation est un classique \u00e0 emporter partout avec soi. Elle est fabriqu\u00e9e en Suisse en aluminium et toutes les pi\u00e8ces sont sans PBA.\" \/>\n<meta property=\"og:url\" content=\"https:\/\/staging.summit-foundation.org\/en\/product\/gourde\/\" \/>\n<meta property=\"og:site_name\" content=\"Summit Foundation\" \/>\n<meta property=\"article:modified_time\" content=\"2026-02-26T15:18:08+00:00\" \/>\n<meta name=\"twitter:card\" content=\"summary_large_image\" \/>\n<script type=\"application\/ld+json\" class=\"yoast-schema-graph\">{\"@context\":\"https:\/\/schema.org\",\"@graph\":[{\"@type\":\"WebPage\",\"@id\":\"https:\/\/staging.summit-foundation.org\/produit\/gourde\/\",\"url\":\"https:\/\/staging.summit-foundation.org\/produit\/gourde\/\",\"name\":\"Gourde - Summit Foundation\",\"isPartOf\":{\"@id\":\"https:\/\/staging.summit-foundation.org\/#website\"},\"primaryImageOfPage\":{\"@id\":\"https:\/\/staging.summit-foundation.org\/produit\/gourde\/#primaryimage\"},\"image\":{\"@id\":\"https:\/\/staging.summit-foundation.org\/produit\/gourde\/#primaryimage\"},\"thumbnailUrl\":\"https:\/\/staging.summit-foundation.org\/wp-content\/uploads\/2026\/02\/expo_dechet_345-scaled-1.webp\",\"datePublished\":\"2026-02-26T15:18:00+00:00\",\"dateModified\":\"2026-02-26T15:18:08+00:00\",\"breadcrumb\":{\"@id\":\"https:\/\/staging.summit-foundation.org\/produit\/gourde\/#breadcrumb\"},\"inLanguage\":\"en-US\",\"potentialAction\":[{\"@type\":\"ReadAction\",\"target\":[\"https:\/\/staging.summit-foundation.org\/produit\/gourde\/\"]}]},{\"@type\":\"ImageObject\",\"inLanguage\":\"en-US\",\"@id\":\"https:\/\/staging.summit-foundation.org\/produit\/gourde\/#primaryimage\",\"url\":\"https:\/\/staging.summit-foundation.org\/wp-content\/uploads\/2026\/02\/expo_dechet_345-scaled-1.webp\",\"contentUrl\":\"https:\/\/staging.summit-foundation.org\/wp-content\/uploads\/2026\/02\/expo_dechet_345-scaled-1.webp\",\"width\":2048,\"height\":1365},{\"@type\":\"BreadcrumbList\",\"@id\":\"https:\/\/staging.summit-foundation.org\/produit\/gourde\/#breadcrumb\",\"itemListElement\":[{\"@type\":\"ListItem\",\"position\":1,\"name\":\"Accueil\",\"item\":\"https:\/\/staging.summit-foundation.org\/\"},{\"@type\":\"ListItem\",\"position\":2,\"name\":\"Boutique\",\"item\":\"https:\/\/staging.summit-foundation.org\/boutique\/\"},{\"@type\":\"ListItem\",\"position\":3,\"name\":\"Gourde\"}]},{\"@type\":\"WebSite\",\"@id\":\"https:\/\/staging.summit-foundation.org\/#website\",\"url\":\"https:\/\/staging.summit-foundation.org\/\",\"name\":\"Summit Foundation\",\"description\":\"WORKING FOR CLEANER MOUNTAINS\",\"potentialAction\":[{\"@type\":\"SearchAction\",\"target\":{\"@type\":\"EntryPoint\",\"urlTemplate\":\"https:\/\/staging.summit-foundation.org\/?s={search_term_string}\"},\"query-input\":{\"@type\":\"PropertyValueSpecification\",\"valueRequired\":true,\"valueName\":\"search_term_string\"}}],\"inLanguage\":\"en-US\"}]}<\/script>\n<!-- \/ Yoast SEO plugin. -->","yoast_head_json":{"title":"Gourde - Summit Foundation","robots":{"index":"index","follow":"follow","max-snippet":"max-snippet:-1","max-image-preview":"max-image-preview:large","max-video-preview":"max-video-preview:-1"},"canonical":"https:\/\/staging.summit-foundation.org\/en\/product\/gourde\/","og_locale":"en_US","og_type":"article","og_title":"Gourde - Summit Foundation","og_description":"La gourde SIGG Summit Foundation est un classique \u00e0 emporter partout avec soi. Elle est fabriqu\u00e9e en Suisse en aluminium et toutes les pi\u00e8ces sont sans PBA.","og_url":"https:\/\/staging.summit-foundation.org\/en\/product\/gourde\/","og_site_name":"Summit Foundation","article_modified_time":"2026-02-26T15:18:08+00:00","twitter_card":"summary_large_image","schema":{"@context":"https:\/\/schema.org","@graph":[{"@type":"WebPage","@id":"https:\/\/staging.summit-foundation.org\/produit\/gourde\/","url":"https:\/\/staging.summit-foundation.org\/produit\/gourde\/","name":"Gourde - Summit Foundation","isPartOf":{"@id":"https:\/\/staging.summit-foundation.org\/#website"},"primaryImageOfPage":{"@id":"https:\/\/staging.summit-foundation.org\/produit\/gourde\/#primaryimage"},"image":{"@id":"https:\/\/staging.summit-foundation.org\/produit\/gourde\/#primaryimage"},"thumbnailUrl":"https:\/\/staging.summit-foundation.org\/wp-content\/uploads\/2026\/02\/expo_dechet_345-scaled-1.webp","datePublished":"2026-02-26T15:18:00+00:00","dateModified":"2026-02-26T15:18:08+00:00","breadcrumb":{"@id":"https:\/\/staging.summit-foundation.org\/produit\/gourde\/#breadcrumb"},"inLanguage":"en-US","potentialAction":[{"@type":"ReadAction","target":["https:\/\/staging.summit-foundation.org\/produit\/gourde\/"]}]},{"@type":"ImageObject","inLanguage":"en-US","@id":"https:\/\/staging.summit-foundation.org\/produit\/gourde\/#primaryimage","url":"https:\/\/staging.summit-foundation.org\/wp-content\/uploads\/2026\/02\/expo_dechet_345-scaled-1.webp","contentUrl":"https:\/\/staging.summit-foundation.org\/wp-content\/uploads\/2026\/02\/expo_dechet_345-scaled-1.webp","width":2048,"height":1365},{"@type":"BreadcrumbList","@id":"https:\/\/staging.summit-foundation.org\/produit\/gourde\/#breadcrumb","itemListElement":[{"@type":"ListItem","position":1,"name":"Accueil","item":"https:\/\/staging.summit-foundation.org\/"},{"@type":"ListItem","position":2,"name":"Boutique","item":"https:\/\/staging.summit-foundation.org\/boutique\/"},{"@type":"ListItem","position":3,"name":"Gourde"}]},{"@type":"WebSite","@id":"https:\/\/staging.summit-foundation.org\/#website","url":"https:\/\/staging.summit-foundation.org\/","name":"Summit Foundation","description":"WORKING FOR CLEANER MOUNTAINS","potentialAction":[{"@type":"SearchAction","target":{"@type":"EntryPoint","urlTemplate":"https:\/\/staging.summit-foundation.org\/?s={search_term_string}"},"query-input":{"@type":"PropertyValueSpecification","valueRequired":true,"valueName":"search_term_string"}}],"inLanguage":"en-US"}]}},"_links":{"self":[{"href":"https:\/\/staging.summit-foundation.org\/en\/wp-json\/wp\/v2\/product\/2001","targetHints":{"allow":["GET"]}}],"collection":[{"href":"https:\/\/staging.summit-foundation.org\/en\/wp-json\/wp\/v2\/product"}],"about":[{"href":"https:\/\/staging.summit-foundation.org\/en\/wp-json\/wp\/v2\/types\/product"}],"replies":[{"embeddable":true,"href":"https:\/\/staging.summit-foundation.org\/en\/wp-json\/wp\/v2\/comments?post=2001"}],"version-history":[{"count":1,"href":"https:\/\/staging.summit-foundation.org\/en\/wp-json\/wp\/v2\/product\/2001\/revisions"}],"predecessor-version":[{"id":2036,"href":"https:\/\/staging.summit-foundation.org\/en\/wp-json\/wp\/v2\/product\/2001\/revisions\/2036"}],"wp:featuredmedia":[{"embeddable":true,"href":"https:\/\/staging.summit-foundation.org\/en\/wp-json\/wp\/v2\/media\/2035"}],"wp:attachment":[{"href":"https:\/\/staging.summit-foundation.org\/en\/wp-json\/wp\/v2\/media?parent=2001"}],"wp:term":[{"taxonomy":"product_brand","embeddable":true,"href":"https:\/\/staging.summit-foundation.org\/en\/wp-json\/wp\/v2\/product_brand?post=2001"},{"taxonomy":"product_cat","embeddable":true,"href":"https:\/\/staging.summit-foundation.org\/en\/wp-json\/wp\/v2\/product_cat?post=2001"},{"taxonomy":"product_tag","embeddable":true,"href":"https:\/\/staging.summit-foundation.org\/en\/wp-json\/wp\/v2\/product_tag?post=2001"}],"curies":[{"name":"wp","href":"https:\/\/api.w.org\/{rel}","templated":true}]}}