{"id":1937,"date":"2026-02-26T15:17:38","date_gmt":"2026-02-26T15:17:38","guid":{"rendered":"https:\/\/staging.summit-foundation.org\/?post_type=product&#038;p=1937"},"modified":"2026-03-05T14:59:19","modified_gmt":"2026-03-05T14:59:19","slug":"ecobox-personnalisee","status":"publish","type":"product","link":"https:\/\/staging.summit-foundation.org\/en\/product\/ecobox-personnalisee\/","title":{"rendered":"Customized Ecobox"},"content":{"rendered":"<p>Vous souhaitez personnaliser une s\u00e9rie d&rsquo;Ecobox, comme nombre d&rsquo;entreprises et d&rsquo;\u00e9v\u00e9nements, et les diffuser comme cendrier de poche ou comme cadeau publicitaire \u00e9cologique?<\/p>\n<hr \/>\n<p>Fabriqu\u00e9e en Suisse \u00e0 partir de fer blanc recycl\u00e9, l\u2019Ecobox est une poubelle de poche aussi pratique que durable, parfaite pour tous vos petits d\u00e9chets (chewing-gums, m\u00e9gots de cigarettes, petits emballages, etc.). Assembl\u00e9e et conditionn\u00e9e en atelier prot\u00e9g\u00e9, l&rsquo;Ecobox int\u00e8gre une importante plus-value sociale.<\/p>\n<p>D&rsquo;un diam\u00e8tre de 53mm, elle s&rsquo;ouvre et se ferme par simple pression sur le couvercle.<\/p>\n<p>D\u00e9couvrez notre offre sur\u00a0la <a href=\"https:\/\/staging.summit-foundation.org\/en\/ecobox\/\">page d\u00e9di\u00e9e \u00e0 l&rsquo;Ecobox<\/a>.<\/p>","protected":false},"excerpt":{"rendered":"<p>L\u2019Ecobox est une petite bo\u00eete en fer blanc recycl\u00e9, fabriqu\u00e9e en Suisse, qui permet de conserver sur soi toutes sortes de petits d\u00e9chets (chewing-gums, m\u00e9gots de cigarettes, petits emballages, etc.) au lieu de les jeter au sol, que ce soit en ville ou dans la nature.<\/p>\n<p><a href=\"https:\/\/summit-foundation.org\/ecobox\/\" class=\"single_add_to_cart_button button alt\" target=\"_blank\">Plus d&rsquo;informations\u200e  <\/a><br \/>\n<a href=\"https:\/\/summit-foundation.org\/wp-content\/uploads\/2025\/03\/2025_Ecobox_FR.pdf\" class=\"single_add_to_cart_button button alt\" target=\"_blank\">T\u00e9l\u00e9charger la documentation\u200e  <\/a><\/p>","protected":false},"featured_media":2033,"comment_status":"closed","ping_status":"closed","template":"","meta":{"_acf_changed":false},"product_brand":[],"product_cat":[20],"product_tag":[],"class_list":{"0":"post-1937","1":"product","2":"type-product","3":"status-publish","4":"has-post-thumbnail","6":"product_cat-poubelles-de-poche","8":"first","9":"instock","10":"taxable","11":"shipping-taxable","12":"product-type-simple"},"acf":[],"yoast_head":"<!-- This site is optimized with the Yoast SEO plugin v26.8-RC7 - https:\/\/yoast.com\/product\/yoast-seo-wordpress\/ -->\n<title>Ecobox personnalis\u00e9e - Summit Foundation<\/title>\n<meta name=\"robots\" content=\"index, follow, max-snippet:-1, max-image-preview:large, max-video-preview:-1\" \/>\n<link rel=\"canonical\" href=\"https:\/\/staging.summit-foundation.org\/en\/product\/ecobox-personnalisee\/\" \/>\n<meta property=\"og:locale\" content=\"en_US\" \/>\n<meta property=\"og:type\" content=\"article\" \/>\n<meta property=\"og:title\" content=\"Ecobox personnalis\u00e9e - Summit Foundation\" \/>\n<meta property=\"og:description\" content=\"L\u2019Ecobox est une petite bo\u00eete en fer blanc recycl\u00e9, fabriqu\u00e9e en Suisse, qui permet de conserver sur soi toutes sortes de petits d\u00e9chets (chewing-gums, m\u00e9gots de cigarettes, petits emballages, etc.) au lieu de les jeter au sol, que ce soit en ville ou dans la nature.  Plus d&#039;informations\u200e  T\u00e9l\u00e9charger la documentation\u200e\" \/>\n<meta property=\"og:url\" content=\"https:\/\/staging.summit-foundation.org\/en\/product\/ecobox-personnalisee\/\" \/>\n<meta property=\"og:site_name\" content=\"Summit Foundation\" \/>\n<meta property=\"article:modified_time\" content=\"2026-03-05T14:59:19+00:00\" \/>\n<meta property=\"og:image\" content=\"https:\/\/staging.summit-foundation.org\/wp-content\/uploads\/2026\/02\/expo_dechet_371-scaled-1.webp\" \/>\n\t<meta property=\"og:image:width\" content=\"2048\" \/>\n\t<meta property=\"og:image:height\" content=\"1365\" \/>\n\t<meta property=\"og:image:type\" content=\"image\/webp\" \/>\n<meta name=\"twitter:card\" content=\"summary_large_image\" \/>\n<meta name=\"twitter:label1\" content=\"Est. reading time\" \/>\n\t<meta name=\"twitter:data1\" content=\"1 minute\" \/>\n<script type=\"application\/ld+json\" class=\"yoast-schema-graph\">{\"@context\":\"https:\/\/schema.org\",\"@graph\":[{\"@type\":\"WebPage\",\"@id\":\"https:\/\/staging.summit-foundation.org\/produit\/ecobox-personnalisee\/\",\"url\":\"https:\/\/staging.summit-foundation.org\/produit\/ecobox-personnalisee\/\",\"name\":\"Ecobox personnalis\u00e9e - Summit Foundation\",\"isPartOf\":{\"@id\":\"https:\/\/staging.summit-foundation.org\/#website\"},\"primaryImageOfPage\":{\"@id\":\"https:\/\/staging.summit-foundation.org\/produit\/ecobox-personnalisee\/#primaryimage\"},\"image\":{\"@id\":\"https:\/\/staging.summit-foundation.org\/produit\/ecobox-personnalisee\/#primaryimage\"},\"thumbnailUrl\":\"https:\/\/staging.summit-foundation.org\/wp-content\/uploads\/2026\/02\/expo_dechet_371-scaled-1.webp\",\"datePublished\":\"2026-02-26T15:17:38+00:00\",\"dateModified\":\"2026-03-05T14:59:19+00:00\",\"breadcrumb\":{\"@id\":\"https:\/\/staging.summit-foundation.org\/produit\/ecobox-personnalisee\/#breadcrumb\"},\"inLanguage\":\"en-US\",\"potentialAction\":[{\"@type\":\"ReadAction\",\"target\":[\"https:\/\/staging.summit-foundation.org\/produit\/ecobox-personnalisee\/\"]}]},{\"@type\":\"ImageObject\",\"inLanguage\":\"en-US\",\"@id\":\"https:\/\/staging.summit-foundation.org\/produit\/ecobox-personnalisee\/#primaryimage\",\"url\":\"https:\/\/staging.summit-foundation.org\/wp-content\/uploads\/2026\/02\/expo_dechet_371-scaled-1.webp\",\"contentUrl\":\"https:\/\/staging.summit-foundation.org\/wp-content\/uploads\/2026\/02\/expo_dechet_371-scaled-1.webp\",\"width\":2048,\"height\":1365},{\"@type\":\"BreadcrumbList\",\"@id\":\"https:\/\/staging.summit-foundation.org\/produit\/ecobox-personnalisee\/#breadcrumb\",\"itemListElement\":[{\"@type\":\"ListItem\",\"position\":1,\"name\":\"Accueil\",\"item\":\"https:\/\/staging.summit-foundation.org\/\"},{\"@type\":\"ListItem\",\"position\":2,\"name\":\"Boutique\",\"item\":\"https:\/\/staging.summit-foundation.org\/boutique\/\"},{\"@type\":\"ListItem\",\"position\":3,\"name\":\"Ecobox personnalis\u00e9e\"}]},{\"@type\":\"WebSite\",\"@id\":\"https:\/\/staging.summit-foundation.org\/#website\",\"url\":\"https:\/\/staging.summit-foundation.org\/\",\"name\":\"Summit Foundation\",\"description\":\"WORKING FOR CLEANER MOUNTAINS\",\"potentialAction\":[{\"@type\":\"SearchAction\",\"target\":{\"@type\":\"EntryPoint\",\"urlTemplate\":\"https:\/\/staging.summit-foundation.org\/?s={search_term_string}\"},\"query-input\":{\"@type\":\"PropertyValueSpecification\",\"valueRequired\":true,\"valueName\":\"search_term_string\"}}],\"inLanguage\":\"en-US\"}]}<\/script>\n<!-- \/ Yoast SEO plugin. -->","yoast_head_json":{"title":"Ecobox personnalis\u00e9e - Summit Foundation","robots":{"index":"index","follow":"follow","max-snippet":"max-snippet:-1","max-image-preview":"max-image-preview:large","max-video-preview":"max-video-preview:-1"},"canonical":"https:\/\/staging.summit-foundation.org\/en\/product\/ecobox-personnalisee\/","og_locale":"en_US","og_type":"article","og_title":"Ecobox personnalis\u00e9e - Summit Foundation","og_description":"L\u2019Ecobox est une petite bo\u00eete en fer blanc recycl\u00e9, fabriqu\u00e9e en Suisse, qui permet de conserver sur soi toutes sortes de petits d\u00e9chets (chewing-gums, m\u00e9gots de cigarettes, petits emballages, etc.) au lieu de les jeter au sol, que ce soit en ville ou dans la nature.  Plus d'informations\u200e  T\u00e9l\u00e9charger la documentation\u200e","og_url":"https:\/\/staging.summit-foundation.org\/en\/product\/ecobox-personnalisee\/","og_site_name":"Summit Foundation","article_modified_time":"2026-03-05T14:59:19+00:00","og_image":[{"width":2048,"height":1365,"url":"https:\/\/staging.summit-foundation.org\/wp-content\/uploads\/2026\/02\/expo_dechet_371-scaled-1.webp","type":"image\/webp"}],"twitter_card":"summary_large_image","twitter_misc":{"Est. reading time":"1 minute"},"schema":{"@context":"https:\/\/schema.org","@graph":[{"@type":"WebPage","@id":"https:\/\/staging.summit-foundation.org\/produit\/ecobox-personnalisee\/","url":"https:\/\/staging.summit-foundation.org\/produit\/ecobox-personnalisee\/","name":"Ecobox personnalis\u00e9e - Summit Foundation","isPartOf":{"@id":"https:\/\/staging.summit-foundation.org\/#website"},"primaryImageOfPage":{"@id":"https:\/\/staging.summit-foundation.org\/produit\/ecobox-personnalisee\/#primaryimage"},"image":{"@id":"https:\/\/staging.summit-foundation.org\/produit\/ecobox-personnalisee\/#primaryimage"},"thumbnailUrl":"https:\/\/staging.summit-foundation.org\/wp-content\/uploads\/2026\/02\/expo_dechet_371-scaled-1.webp","datePublished":"2026-02-26T15:17:38+00:00","dateModified":"2026-03-05T14:59:19+00:00","breadcrumb":{"@id":"https:\/\/staging.summit-foundation.org\/produit\/ecobox-personnalisee\/#breadcrumb"},"inLanguage":"en-US","potentialAction":[{"@type":"ReadAction","target":["https:\/\/staging.summit-foundation.org\/produit\/ecobox-personnalisee\/"]}]},{"@type":"ImageObject","inLanguage":"en-US","@id":"https:\/\/staging.summit-foundation.org\/produit\/ecobox-personnalisee\/#primaryimage","url":"https:\/\/staging.summit-foundation.org\/wp-content\/uploads\/2026\/02\/expo_dechet_371-scaled-1.webp","contentUrl":"https:\/\/staging.summit-foundation.org\/wp-content\/uploads\/2026\/02\/expo_dechet_371-scaled-1.webp","width":2048,"height":1365},{"@type":"BreadcrumbList","@id":"https:\/\/staging.summit-foundation.org\/produit\/ecobox-personnalisee\/#breadcrumb","itemListElement":[{"@type":"ListItem","position":1,"name":"Accueil","item":"https:\/\/staging.summit-foundation.org\/"},{"@type":"ListItem","position":2,"name":"Boutique","item":"https:\/\/staging.summit-foundation.org\/boutique\/"},{"@type":"ListItem","position":3,"name":"Ecobox personnalis\u00e9e"}]},{"@type":"WebSite","@id":"https:\/\/staging.summit-foundation.org\/#website","url":"https:\/\/staging.summit-foundation.org\/","name":"Summit Foundation","description":"WORKING FOR CLEANER MOUNTAINS","potentialAction":[{"@type":"SearchAction","target":{"@type":"EntryPoint","urlTemplate":"https:\/\/staging.summit-foundation.org\/?s={search_term_string}"},"query-input":{"@type":"PropertyValueSpecification","valueRequired":true,"valueName":"search_term_string"}}],"inLanguage":"en-US"}]}},"_links":{"self":[{"href":"https:\/\/staging.summit-foundation.org\/en\/wp-json\/wp\/v2\/product\/1937","targetHints":{"allow":["GET"]}}],"collection":[{"href":"https:\/\/staging.summit-foundation.org\/en\/wp-json\/wp\/v2\/product"}],"about":[{"href":"https:\/\/staging.summit-foundation.org\/en\/wp-json\/wp\/v2\/types\/product"}],"replies":[{"embeddable":true,"href":"https:\/\/staging.summit-foundation.org\/en\/wp-json\/wp\/v2\/comments?post=1937"}],"version-history":[{"count":2,"href":"https:\/\/staging.summit-foundation.org\/en\/wp-json\/wp\/v2\/product\/1937\/revisions"}],"predecessor-version":[{"id":2557,"href":"https:\/\/staging.summit-foundation.org\/en\/wp-json\/wp\/v2\/product\/1937\/revisions\/2557"}],"wp:featuredmedia":[{"embeddable":true,"href":"https:\/\/staging.summit-foundation.org\/en\/wp-json\/wp\/v2\/media\/2033"}],"wp:attachment":[{"href":"https:\/\/staging.summit-foundation.org\/en\/wp-json\/wp\/v2\/media?parent=1937"}],"wp:term":[{"taxonomy":"product_brand","embeddable":true,"href":"https:\/\/staging.summit-foundation.org\/en\/wp-json\/wp\/v2\/product_brand?post=1937"},{"taxonomy":"product_cat","embeddable":true,"href":"https:\/\/staging.summit-foundation.org\/en\/wp-json\/wp\/v2\/product_cat?post=1937"},{"taxonomy":"product_tag","embeddable":true,"href":"https:\/\/staging.summit-foundation.org\/en\/wp-json\/wp\/v2\/product_tag?post=1937"}],"curies":[{"name":"wp","href":"https:\/\/api.w.org\/{rel}","templated":true}]}}