{"id":1925,"date":"2026-02-26T15:17:37","date_gmt":"2026-02-26T15:17:37","guid":{"rendered":"https:\/\/staging.summit-foundation.org\/?post_type=product&#038;p=1925"},"modified":"2026-02-26T15:17:52","modified_gmt":"2026-02-26T15:17:52","slug":"colonne-de-tri","status":"publish","type":"product","link":"https:\/\/staging.summit-foundation.org\/en\/product\/colonne-de-tri\/","title":{"rendered":"Sorting station"},"content":{"rendered":"<p>Avec la colonne de tri, la Fondation propose un syst\u00e8me de tri in\u00e9dit. L\u2019utilisateur se trouve confront\u00e9 \u00e0 un meuble vertical, \u00e0 l\u2019oppos\u00e9 des poubelles de tri traditionnelles, align\u00e9es c\u00f4te-\u00e0-c\u00f4te.<\/p>\n<p>Au travers de cette nouveaut\u00e9, la qualit\u00e9 de tri bondit \u00e0 plus de 93%, ce qui assure une seconde vie aux d\u00e9chets au sein des fili\u00e8res de recyclage.<\/p>\n<h5>UNE SOLUTION RESPECTUEUSE DE L&rsquo;HOMME ET DE L\u2019ENVIRONNEMENT<\/h5>\n<p>Au-del\u00e0 des probl\u00e8mes de tri qu\u2019elle permet de solutionner, la colonne de tri int\u00e8gre la protection de l\u2019environnement \u00e9galement dans sa conception : de la r\u00e9alisation dans des mat\u00e9riaux durables \u00e0 l\u2019optimisation des volumes pour limiter la mati\u00e8re, en passant par un syst\u00e8me de plastrons interchangeables pour une modification rapide des types de d\u00e9chets \u00e0 trier.<\/p>\n<p>La colonne de tri est par ailleurs enti\u00e8rement r\u00e9alis\u00e9e en atelier prot\u00e9g\u00e9, en Suisse, ce qui lui conf\u00e8re \u00e9galement une valeur sociale.<\/p>\n<p class=\"gmail_signature\"><strong>DONN\u00c9ES TECHNIQUES<\/strong><\/p>\n<ul>\n<li>Acier inoxydable thermolaqu\u00e9<\/li>\n<li class=\"gmail_signature\">Personnalisable<\/li>\n<li class=\"gmail_signature\">Volume : 3x 110 litres pour le mod\u00e8le S illustr\u00e9 ici<\/li>\n<li class=\"gmail_signature\">Dimensions (H x L x P) : 114cm x 94cm x 48cm pour le mod\u00e8le illustr\u00e9 ici<\/li>\n<\/ul>\n<p>&nbsp;<\/p>\n<p>Vous trouverez plus d&rsquo;informations <a href=\"https:\/\/summit-foundation.org\/colonnes-de-tri\/\" target=\"_blank\">sur notre page dedi\u00e9e<\/a>.<\/p>","protected":false},"excerpt":{"rendered":"<p>Avec la colonne de tri, la Fondation propose un syst\u00e8me de tri in\u00e9dit. L\u2019utilisateur se trouve confront\u00e9 \u00e0 un meuble vertical, \u00e0 l\u2019oppos\u00e9 des poubelles de tri traditionnelles, align\u00e9es c\u00f4te-\u00e0-c\u00f4te.<\/p>\n<p>Au travers de cette nouveaut\u00e9, la qualit\u00e9 de tri bondit \u00e0 plus de 93%, ce qui assure une seconde vie aux d\u00e9chets au sein des fili\u00e8res de recyclage.<\/p>\n<h5>UNE SOLUTION RESPECTUEUSE DE L&rsquo;HOMME ET DE L\u2019ENVIRONNEMENT<\/h5>\n<p>Au-del\u00e0 des probl\u00e8mes de tri qu\u2019elle permet de solutionner, la colonne de tri int\u00e8gre la protection de l\u2019environnement \u00e9galement dans sa conception : de la r\u00e9alisation dans des mat\u00e9riaux durables \u00e0 l\u2019optimisation des volumes pour limiter la mati\u00e8re, en passant par un syst\u00e8me de plastrons interchangeables pour une modification rapide des types de d\u00e9chets \u00e0 trier.<\/p>\n<p>La colonne de tri est par ailleurs enti\u00e8rement r\u00e9alis\u00e9e en atelier prot\u00e9g\u00e9, en Suisse, ce qui lui conf\u00e8re \u00e9galement une valeur sociale.<\/p>\n<p class=\"gmail_signature\"><strong>DONN\u00c9ES TECHNIQUES<\/strong><\/p>\n<ul>\n<li>Acier inoxydable thermolaqu\u00e9<\/li>\n<li class=\"gmail_signature\">Personnalisable<\/li>\n<li class=\"gmail_signature\">Volume : 3x 110 litres pour le mod\u00e8le S illustr\u00e9 ici<\/li>\n<li class=\"gmail_signature\">Dimensions (H x L x P) : 114cm x 94cm x 48cm pour le mod\u00e8le illustr\u00e9 ici<\/li>\n<\/ul>\n<p><a href=\"https:\/\/summit-foundation.org\/colonnes-de-tri\/\" class=\"docbutton cart button alt oxy-product-cart-button oxy-woo-element\" target=\"_blank\">Plus d&rsquo;informations <\/a><br \/>\n<a href=\"https:\/\/summit-foundation.org\/wp-content\/uploads\/2025\/03\/Summit-Foundation_Colonnes-de-tri_2025.pdf\" class=\"docbutton cart button alt oxy-product-cart-button oxy-woo-element\" target=\"_blank\">T\u00e9l\u00e9charger la documentation <\/a><\/p>","protected":false},"featured_media":1978,"comment_status":"closed","ping_status":"closed","template":"","meta":{"_acf_changed":false},"product_brand":[],"product_cat":[22],"product_tag":[],"class_list":{"0":"post-1925","1":"product","2":"type-product","3":"status-publish","4":"has-post-thumbnail","6":"product_cat-uncategorized","7":"product_shipping_class-colis","9":"first","10":"instock","11":"taxable","12":"shipping-taxable","13":"product-type-external"},"acf":[],"yoast_head":"<!-- This site is optimized with the Yoast SEO plugin v26.8-RC7 - https:\/\/yoast.com\/product\/yoast-seo-wordpress\/ -->\n<title>Colonne de tri - Summit Foundation<\/title>\n<meta name=\"robots\" content=\"index, follow, max-snippet:-1, max-image-preview:large, max-video-preview:-1\" \/>\n<link rel=\"canonical\" href=\"https:\/\/staging.summit-foundation.org\/en\/product\/colonne-de-tri\/\" \/>\n<meta property=\"og:locale\" content=\"en_US\" \/>\n<meta property=\"og:type\" content=\"article\" \/>\n<meta property=\"og:title\" content=\"Colonne de tri - Summit Foundation\" \/>\n<meta property=\"og:description\" content=\"Avec la colonne de tri, la Fondation propose un syst\u00e8me de tri in\u00e9dit. L\u2019utilisateur se trouve confront\u00e9 \u00e0 un meuble vertical, \u00e0 l\u2019oppos\u00e9 des poubelles de tri traditionnelles, align\u00e9es c\u00f4te-\u00e0-c\u00f4te.  Au travers de cette nouveaut\u00e9, la qualit\u00e9 de tri bondit \u00e0 plus de 93%, ce qui assure une seconde vie aux d\u00e9chets au sein des fili\u00e8res de recyclage. UNE SOLUTION RESPECTUEUSE DE L&#039;HOMME ET DE L\u2019ENVIRONNEMENT Au-del\u00e0 des probl\u00e8mes de tri qu\u2019elle permet de solutionner, la colonne de tri int\u00e8gre la protection de l\u2019environnement \u00e9galement dans sa conception : de la r\u00e9alisation dans des mat\u00e9riaux durables \u00e0 l\u2019optimisation des volumes pour limiter la mati\u00e8re, en passant par un syst\u00e8me de plastrons interchangeables pour une modification rapide des types de d\u00e9chets \u00e0 trier.  La colonne de tri est par ailleurs enti\u00e8rement r\u00e9alis\u00e9e en atelier prot\u00e9g\u00e9, en Suisse, ce qui lui conf\u00e8re \u00e9galement une valeur sociale. DONN\u00c9ES TECHNIQUES    Acier inoxydable thermolaqu\u00e9  Personnalisable  Volume : 3x 110 litres pour le mod\u00e8le S illustr\u00e9 ici  Dimensions (H x L x P) : 114cm x 94cm x 48cm pour le mod\u00e8le illustr\u00e9 ici    Plus d&#039;informations  T\u00e9l\u00e9charger la documentation\" \/>\n<meta property=\"og:url\" content=\"https:\/\/staging.summit-foundation.org\/en\/product\/colonne-de-tri\/\" \/>\n<meta property=\"og:site_name\" content=\"Summit Foundation\" \/>\n<meta property=\"article:modified_time\" content=\"2026-02-26T15:17:52+00:00\" \/>\n<meta name=\"twitter:card\" content=\"summary_large_image\" \/>\n<meta name=\"twitter:label1\" content=\"Est. reading time\" \/>\n\t<meta name=\"twitter:data1\" content=\"1 minute\" \/>\n<script type=\"application\/ld+json\" class=\"yoast-schema-graph\">{\"@context\":\"https:\/\/schema.org\",\"@graph\":[{\"@type\":\"WebPage\",\"@id\":\"https:\/\/staging.summit-foundation.org\/produit\/colonne-de-tri\/\",\"url\":\"https:\/\/staging.summit-foundation.org\/produit\/colonne-de-tri\/\",\"name\":\"Colonne de tri - Summit Foundation\",\"isPartOf\":{\"@id\":\"https:\/\/staging.summit-foundation.org\/#website\"},\"primaryImageOfPage\":{\"@id\":\"https:\/\/staging.summit-foundation.org\/produit\/colonne-de-tri\/#primaryimage\"},\"image\":{\"@id\":\"https:\/\/staging.summit-foundation.org\/produit\/colonne-de-tri\/#primaryimage\"},\"thumbnailUrl\":\"https:\/\/staging.summit-foundation.org\/wp-content\/uploads\/2026\/02\/colonne-de-tri.webp\",\"datePublished\":\"2026-02-26T15:17:37+00:00\",\"dateModified\":\"2026-02-26T15:17:52+00:00\",\"breadcrumb\":{\"@id\":\"https:\/\/staging.summit-foundation.org\/produit\/colonne-de-tri\/#breadcrumb\"},\"inLanguage\":\"en-US\",\"potentialAction\":[{\"@type\":\"ReadAction\",\"target\":[\"https:\/\/staging.summit-foundation.org\/produit\/colonne-de-tri\/\"]}]},{\"@type\":\"ImageObject\",\"inLanguage\":\"en-US\",\"@id\":\"https:\/\/staging.summit-foundation.org\/produit\/colonne-de-tri\/#primaryimage\",\"url\":\"https:\/\/staging.summit-foundation.org\/wp-content\/uploads\/2026\/02\/colonne-de-tri.webp\",\"contentUrl\":\"https:\/\/staging.summit-foundation.org\/wp-content\/uploads\/2026\/02\/colonne-de-tri.webp\",\"width\":535,\"height\":529},{\"@type\":\"BreadcrumbList\",\"@id\":\"https:\/\/staging.summit-foundation.org\/produit\/colonne-de-tri\/#breadcrumb\",\"itemListElement\":[{\"@type\":\"ListItem\",\"position\":1,\"name\":\"Accueil\",\"item\":\"https:\/\/staging.summit-foundation.org\/\"},{\"@type\":\"ListItem\",\"position\":2,\"name\":\"Boutique\",\"item\":\"https:\/\/staging.summit-foundation.org\/boutique\/\"},{\"@type\":\"ListItem\",\"position\":3,\"name\":\"Colonne de tri\"}]},{\"@type\":\"WebSite\",\"@id\":\"https:\/\/staging.summit-foundation.org\/#website\",\"url\":\"https:\/\/staging.summit-foundation.org\/\",\"name\":\"Summit Foundation\",\"description\":\"WORKING FOR CLEANER MOUNTAINS\",\"potentialAction\":[{\"@type\":\"SearchAction\",\"target\":{\"@type\":\"EntryPoint\",\"urlTemplate\":\"https:\/\/staging.summit-foundation.org\/?s={search_term_string}\"},\"query-input\":{\"@type\":\"PropertyValueSpecification\",\"valueRequired\":true,\"valueName\":\"search_term_string\"}}],\"inLanguage\":\"en-US\"}]}<\/script>\n<!-- \/ Yoast SEO plugin. -->","yoast_head_json":{"title":"Colonne de tri - Summit Foundation","robots":{"index":"index","follow":"follow","max-snippet":"max-snippet:-1","max-image-preview":"max-image-preview:large","max-video-preview":"max-video-preview:-1"},"canonical":"https:\/\/staging.summit-foundation.org\/en\/product\/colonne-de-tri\/","og_locale":"en_US","og_type":"article","og_title":"Colonne de tri - Summit Foundation","og_description":"Avec la colonne de tri, la Fondation propose un syst\u00e8me de tri in\u00e9dit. L\u2019utilisateur se trouve confront\u00e9 \u00e0 un meuble vertical, \u00e0 l\u2019oppos\u00e9 des poubelles de tri traditionnelles, align\u00e9es c\u00f4te-\u00e0-c\u00f4te.  Au travers de cette nouveaut\u00e9, la qualit\u00e9 de tri bondit \u00e0 plus de 93%, ce qui assure une seconde vie aux d\u00e9chets au sein des fili\u00e8res de recyclage. UNE SOLUTION RESPECTUEUSE DE L'HOMME ET DE L\u2019ENVIRONNEMENT Au-del\u00e0 des probl\u00e8mes de tri qu\u2019elle permet de solutionner, la colonne de tri int\u00e8gre la protection de l\u2019environnement \u00e9galement dans sa conception : de la r\u00e9alisation dans des mat\u00e9riaux durables \u00e0 l\u2019optimisation des volumes pour limiter la mati\u00e8re, en passant par un syst\u00e8me de plastrons interchangeables pour une modification rapide des types de d\u00e9chets \u00e0 trier.  La colonne de tri est par ailleurs enti\u00e8rement r\u00e9alis\u00e9e en atelier prot\u00e9g\u00e9, en Suisse, ce qui lui conf\u00e8re \u00e9galement une valeur sociale. DONN\u00c9ES TECHNIQUES    Acier inoxydable thermolaqu\u00e9  Personnalisable  Volume : 3x 110 litres pour le mod\u00e8le S illustr\u00e9 ici  Dimensions (H x L x P) : 114cm x 94cm x 48cm pour le mod\u00e8le illustr\u00e9 ici    Plus d'informations  T\u00e9l\u00e9charger la documentation","og_url":"https:\/\/staging.summit-foundation.org\/en\/product\/colonne-de-tri\/","og_site_name":"Summit Foundation","article_modified_time":"2026-02-26T15:17:52+00:00","twitter_card":"summary_large_image","twitter_misc":{"Est. reading time":"1 minute"},"schema":{"@context":"https:\/\/schema.org","@graph":[{"@type":"WebPage","@id":"https:\/\/staging.summit-foundation.org\/produit\/colonne-de-tri\/","url":"https:\/\/staging.summit-foundation.org\/produit\/colonne-de-tri\/","name":"Colonne de tri - Summit Foundation","isPartOf":{"@id":"https:\/\/staging.summit-foundation.org\/#website"},"primaryImageOfPage":{"@id":"https:\/\/staging.summit-foundation.org\/produit\/colonne-de-tri\/#primaryimage"},"image":{"@id":"https:\/\/staging.summit-foundation.org\/produit\/colonne-de-tri\/#primaryimage"},"thumbnailUrl":"https:\/\/staging.summit-foundation.org\/wp-content\/uploads\/2026\/02\/colonne-de-tri.webp","datePublished":"2026-02-26T15:17:37+00:00","dateModified":"2026-02-26T15:17:52+00:00","breadcrumb":{"@id":"https:\/\/staging.summit-foundation.org\/produit\/colonne-de-tri\/#breadcrumb"},"inLanguage":"en-US","potentialAction":[{"@type":"ReadAction","target":["https:\/\/staging.summit-foundation.org\/produit\/colonne-de-tri\/"]}]},{"@type":"ImageObject","inLanguage":"en-US","@id":"https:\/\/staging.summit-foundation.org\/produit\/colonne-de-tri\/#primaryimage","url":"https:\/\/staging.summit-foundation.org\/wp-content\/uploads\/2026\/02\/colonne-de-tri.webp","contentUrl":"https:\/\/staging.summit-foundation.org\/wp-content\/uploads\/2026\/02\/colonne-de-tri.webp","width":535,"height":529},{"@type":"BreadcrumbList","@id":"https:\/\/staging.summit-foundation.org\/produit\/colonne-de-tri\/#breadcrumb","itemListElement":[{"@type":"ListItem","position":1,"name":"Accueil","item":"https:\/\/staging.summit-foundation.org\/"},{"@type":"ListItem","position":2,"name":"Boutique","item":"https:\/\/staging.summit-foundation.org\/boutique\/"},{"@type":"ListItem","position":3,"name":"Colonne de tri"}]},{"@type":"WebSite","@id":"https:\/\/staging.summit-foundation.org\/#website","url":"https:\/\/staging.summit-foundation.org\/","name":"Summit Foundation","description":"WORKING FOR CLEANER MOUNTAINS","potentialAction":[{"@type":"SearchAction","target":{"@type":"EntryPoint","urlTemplate":"https:\/\/staging.summit-foundation.org\/?s={search_term_string}"},"query-input":{"@type":"PropertyValueSpecification","valueRequired":true,"valueName":"search_term_string"}}],"inLanguage":"en-US"}]}},"_links":{"self":[{"href":"https:\/\/staging.summit-foundation.org\/en\/wp-json\/wp\/v2\/product\/1925","targetHints":{"allow":["GET"]}}],"collection":[{"href":"https:\/\/staging.summit-foundation.org\/en\/wp-json\/wp\/v2\/product"}],"about":[{"href":"https:\/\/staging.summit-foundation.org\/en\/wp-json\/wp\/v2\/types\/product"}],"replies":[{"embeddable":true,"href":"https:\/\/staging.summit-foundation.org\/en\/wp-json\/wp\/v2\/comments?post=1925"}],"version-history":[{"count":1,"href":"https:\/\/staging.summit-foundation.org\/en\/wp-json\/wp\/v2\/product\/1925\/revisions"}],"predecessor-version":[{"id":1979,"href":"https:\/\/staging.summit-foundation.org\/en\/wp-json\/wp\/v2\/product\/1925\/revisions\/1979"}],"wp:featuredmedia":[{"embeddable":true,"href":"https:\/\/staging.summit-foundation.org\/en\/wp-json\/wp\/v2\/media\/1978"}],"wp:attachment":[{"href":"https:\/\/staging.summit-foundation.org\/en\/wp-json\/wp\/v2\/media?parent=1925"}],"wp:term":[{"taxonomy":"product_brand","embeddable":true,"href":"https:\/\/staging.summit-foundation.org\/en\/wp-json\/wp\/v2\/product_brand?post=1925"},{"taxonomy":"product_cat","embeddable":true,"href":"https:\/\/staging.summit-foundation.org\/en\/wp-json\/wp\/v2\/product_cat?post=1925"},{"taxonomy":"product_tag","embeddable":true,"href":"https:\/\/staging.summit-foundation.org\/en\/wp-json\/wp\/v2\/product_tag?post=1925"}],"curies":[{"name":"wp","href":"https:\/\/api.w.org\/{rel}","templated":true}]}}