{"id":1923,"date":"2026-02-26T15:17:37","date_gmt":"2026-02-26T15:17:37","guid":{"rendered":"https:\/\/staging.summit-foundation.org\/?post_type=product&#038;p=1923"},"modified":"2026-02-26T15:17:51","modified_gmt":"2026-02-26T15:17:51","slug":"cendrier-de-vote","status":"publish","type":"product","link":"https:\/\/staging.summit-foundation.org\/en\/product\/cendrier-de-vote\/","title":{"rendered":"Voting ashtray"},"content":{"rendered":"<p class=\"gmail_signature\">Le cendrier de vote permet de lutter efficacement contre le littering des m\u00e9gots de cigarettes.<\/p>\n<p class=\"gmail_signature\">Le cendrier est s\u00e9par\u00e9 en deux compartiments et une proposition de vote invite les usagers \u00e0 \u00e9lire leur favori entre deux sujets. Une \u00e9tude r\u00e9alis\u00e9e \u00e0 Nyon a montr\u00e9 que le cendrier de vote diminue le nombre de m\u00e9gots au sol de 25% par rapport \u00e0 un cendrier mural classique.<\/p>\n<p class=\"gmail_signature\">Technical data<\/p>\n<ul>\n<li class=\"gmail_signature\">Inox microbill\u00e9<\/li>\n<li class=\"gmail_signature\">Propositions de vote personnalisables et ais\u00e9ment modifiables<\/li>\n<li class=\"gmail_signature\">Fabriqu\u00e9 en Suisse dnas un ateleir prot\u00e9g\u00e9<\/li>\n<li class=\"gmail_signature\">Contenance : 400 \u00e0 600 m\u00e9gots<\/li>\n<li class=\"gmail_signature\">Dimensions (H x L x P) : 54 x 20 x 8 cm<\/li>\n<li class=\"gmail_signature\">Couleur standard: inox<\/li>\n<\/ul>\n<p>Possibilit\u00e9 de personnaliser la couleur (d\u00e8s 2pces) et la face avant avec un autocollant (sur devis)<\/p>\n<p>Vous trouverez plus d&rsquo;informations <a href=\"https:\/\/summit-foundation.org\/cendriers-de-vote\/\" target=\"_blank\" rel=\"noopener\">sur notre page dedi\u00e9e<\/a>.<\/p>","protected":false},"excerpt":{"rendered":"<p class=\"gmail_signature\">Le cendrier de vote permet de lutter efficacement contre le littering des m\u00e9gots de cigarettes.<\/p>\n<p class=\"gmail_signature\">Le cendrier est s\u00e9par\u00e9 en deux compartiments et une proposition de vote invite les usagers \u00e0 \u00e9lire leur favori entre deux sujets. Une \u00e9tude ra\u00e9alis\u00e9e \u00e0 Nyon a montr\u00e9 que le cendrier de vote diminue le nombre de m\u00e9gots au sol de 25% par rapport \u00e0 un cendrier mural classique.<\/p>\n<p class=\"gmail_signature\">Technical data<\/p>\n<ul>\n<li class=\"gmail_signature\">Acier inoxydable thermolaqu\u00e9<\/li>\n<li class=\"gmail_signature\">Propositions de vote personnalisables et ais\u00e9ment modifiables<\/li>\n<li class=\"gmail_signature\">Fabriqu\u00e9 en Suisse dans un atelier prot\u00e9g\u00e9<\/li>\n<li class=\"gmail_signature\">Contenance : 400 \u00e0 600 m\u00e9gots<\/li>\n<li class=\"gmail_signature\">Dimensions (H x L x P) : 54 x 20 x 8 cm<\/li>\n<li class=\"gmail_signature\">Couleur standard: anthracite<\/li>\n<\/ul>\n<p>Possibilit\u00e9 de personnaliser la couleur et la face avant avec un autocollant (sur devis)<\/p>\n<p><a class=\"buttoncendrier docbutton cart button alt oxy-product-cart-button oxy-woo-element\" href=\"https:\/\/summit-foundation.org\/cendriers-de-vote\/\" target=\"_blank\" rel=\"noopener\">Plus d&rsquo;informations\u200e <\/a><br \/>\n<a class=\"buttoncendrier docbutton cart button alt oxy-product-cart-button oxy-woo-element\" href=\"https:\/\/summit-foundation.org\/wp-content\/uploads\/2025\/03\/SFN_PRODUIT_CENDRIER-VOTE_2025_FR.pdf\" target=\"_blank\" rel=\"noopener\">T\u00e9l\u00e9charger la documentation\u200e <\/a><\/p>","protected":false},"featured_media":1969,"comment_status":"closed","ping_status":"closed","template":"","meta":{"_acf_changed":false},"product_brand":[],"product_cat":[22],"product_tag":[],"class_list":{"0":"post-1923","1":"product","2":"type-product","3":"status-publish","4":"has-post-thumbnail","6":"product_cat-uncategorized","7":"product_shipping_class-colis","9":"first","10":"instock","11":"taxable","12":"shipping-taxable","13":"product-type-external"},"acf":[],"yoast_head":"<!-- This site is optimized with the Yoast SEO plugin v26.8-RC7 - https:\/\/yoast.com\/product\/yoast-seo-wordpress\/ -->\n<title>Cendrier de vote - Summit Foundation<\/title>\n<meta name=\"robots\" content=\"index, follow, max-snippet:-1, max-image-preview:large, max-video-preview:-1\" \/>\n<link rel=\"canonical\" href=\"https:\/\/staging.summit-foundation.org\/en\/product\/cendrier-de-vote\/\" \/>\n<meta property=\"og:locale\" content=\"en_US\" \/>\n<meta property=\"og:type\" content=\"article\" \/>\n<meta property=\"og:title\" content=\"Cendrier de vote - Summit Foundation\" \/>\n<meta property=\"og:description\" content=\"Le cendrier de vote permet de lutter efficacement contre le littering des m\u00e9gots de cigarettes. Le cendrier est s\u00e9par\u00e9 en deux compartiments et une proposition de vote invite les usagers \u00e0 \u00e9lire leur favori entre deux sujets. Une \u00e9tude ra\u00e9alis\u00e9e \u00e0 Nyon a montr\u00e9 que le cendrier de vote diminue le nombre de m\u00e9gots au sol de 25% par rapport \u00e0 un cendrier mural classique. Donn\u00e9es techniques    Acier inoxydable thermolaqu\u00e9  Propositions de vote personnalisables et ais\u00e9ment modifiables  Fabriqu\u00e9 en Suisse dans un atelier prot\u00e9g\u00e9  Contenance : 400 \u00e0 600 m\u00e9gots  Dimensions (H x L x P) : 54 x 20 x 8 cm  Couleur standard: anthracite  Possibilit\u00e9 de personnaliser la couleur et la face avant avec un autocollant (sur devis)  Plus d&#039;informations\u200e  T\u00e9l\u00e9charger la documentation\u200e\" \/>\n<meta property=\"og:url\" content=\"https:\/\/staging.summit-foundation.org\/en\/product\/cendrier-de-vote\/\" \/>\n<meta property=\"og:site_name\" content=\"Summit Foundation\" \/>\n<meta property=\"article:modified_time\" content=\"2026-02-26T15:17:51+00:00\" \/>\n<meta name=\"twitter:card\" content=\"summary_large_image\" \/>\n<meta name=\"twitter:label1\" content=\"Est. reading time\" \/>\n\t<meta name=\"twitter:data1\" content=\"1 minute\" \/>\n<script type=\"application\/ld+json\" class=\"yoast-schema-graph\">{\"@context\":\"https:\/\/schema.org\",\"@graph\":[{\"@type\":\"WebPage\",\"@id\":\"https:\/\/staging.summit-foundation.org\/produit\/cendrier-de-vote\/\",\"url\":\"https:\/\/staging.summit-foundation.org\/produit\/cendrier-de-vote\/\",\"name\":\"Cendrier de vote - Summit Foundation\",\"isPartOf\":{\"@id\":\"https:\/\/staging.summit-foundation.org\/#website\"},\"primaryImageOfPage\":{\"@id\":\"https:\/\/staging.summit-foundation.org\/produit\/cendrier-de-vote\/#primaryimage\"},\"image\":{\"@id\":\"https:\/\/staging.summit-foundation.org\/produit\/cendrier-de-vote\/#primaryimage\"},\"thumbnailUrl\":\"https:\/\/staging.summit-foundation.org\/wp-content\/uploads\/2026\/02\/Cendrier-vote_inox_standard-scaled-1.webp\",\"datePublished\":\"2026-02-26T15:17:37+00:00\",\"dateModified\":\"2026-02-26T15:17:51+00:00\",\"breadcrumb\":{\"@id\":\"https:\/\/staging.summit-foundation.org\/produit\/cendrier-de-vote\/#breadcrumb\"},\"inLanguage\":\"en-US\",\"potentialAction\":[{\"@type\":\"ReadAction\",\"target\":[\"https:\/\/staging.summit-foundation.org\/produit\/cendrier-de-vote\/\"]}]},{\"@type\":\"ImageObject\",\"inLanguage\":\"en-US\",\"@id\":\"https:\/\/staging.summit-foundation.org\/produit\/cendrier-de-vote\/#primaryimage\",\"url\":\"https:\/\/staging.summit-foundation.org\/wp-content\/uploads\/2026\/02\/Cendrier-vote_inox_standard-scaled-1.webp\",\"contentUrl\":\"https:\/\/staging.summit-foundation.org\/wp-content\/uploads\/2026\/02\/Cendrier-vote_inox_standard-scaled-1.webp\",\"width\":1920,\"height\":2560},{\"@type\":\"BreadcrumbList\",\"@id\":\"https:\/\/staging.summit-foundation.org\/produit\/cendrier-de-vote\/#breadcrumb\",\"itemListElement\":[{\"@type\":\"ListItem\",\"position\":1,\"name\":\"Accueil\",\"item\":\"https:\/\/staging.summit-foundation.org\/\"},{\"@type\":\"ListItem\",\"position\":2,\"name\":\"Boutique\",\"item\":\"https:\/\/staging.summit-foundation.org\/boutique\/\"},{\"@type\":\"ListItem\",\"position\":3,\"name\":\"Cendrier de vote\"}]},{\"@type\":\"WebSite\",\"@id\":\"https:\/\/staging.summit-foundation.org\/#website\",\"url\":\"https:\/\/staging.summit-foundation.org\/\",\"name\":\"Summit Foundation\",\"description\":\"WORKING FOR CLEANER MOUNTAINS\",\"potentialAction\":[{\"@type\":\"SearchAction\",\"target\":{\"@type\":\"EntryPoint\",\"urlTemplate\":\"https:\/\/staging.summit-foundation.org\/?s={search_term_string}\"},\"query-input\":{\"@type\":\"PropertyValueSpecification\",\"valueRequired\":true,\"valueName\":\"search_term_string\"}}],\"inLanguage\":\"en-US\"}]}<\/script>\n<!-- \/ Yoast SEO plugin. -->","yoast_head_json":{"title":"Cendrier de vote - Summit Foundation","robots":{"index":"index","follow":"follow","max-snippet":"max-snippet:-1","max-image-preview":"max-image-preview:large","max-video-preview":"max-video-preview:-1"},"canonical":"https:\/\/staging.summit-foundation.org\/en\/product\/cendrier-de-vote\/","og_locale":"en_US","og_type":"article","og_title":"Cendrier de vote - Summit Foundation","og_description":"Le cendrier de vote permet de lutter efficacement contre le littering des m\u00e9gots de cigarettes. Le cendrier est s\u00e9par\u00e9 en deux compartiments et une proposition de vote invite les usagers \u00e0 \u00e9lire leur favori entre deux sujets. Une \u00e9tude ra\u00e9alis\u00e9e \u00e0 Nyon a montr\u00e9 que le cendrier de vote diminue le nombre de m\u00e9gots au sol de 25% par rapport \u00e0 un cendrier mural classique. Donn\u00e9es techniques    Acier inoxydable thermolaqu\u00e9  Propositions de vote personnalisables et ais\u00e9ment modifiables  Fabriqu\u00e9 en Suisse dans un atelier prot\u00e9g\u00e9  Contenance : 400 \u00e0 600 m\u00e9gots  Dimensions (H x L x P) : 54 x 20 x 8 cm  Couleur standard: anthracite  Possibilit\u00e9 de personnaliser la couleur et la face avant avec un autocollant (sur devis)  Plus d'informations\u200e  T\u00e9l\u00e9charger la documentation\u200e","og_url":"https:\/\/staging.summit-foundation.org\/en\/product\/cendrier-de-vote\/","og_site_name":"Summit Foundation","article_modified_time":"2026-02-26T15:17:51+00:00","twitter_card":"summary_large_image","twitter_misc":{"Est. reading time":"1 minute"},"schema":{"@context":"https:\/\/schema.org","@graph":[{"@type":"WebPage","@id":"https:\/\/staging.summit-foundation.org\/produit\/cendrier-de-vote\/","url":"https:\/\/staging.summit-foundation.org\/produit\/cendrier-de-vote\/","name":"Cendrier de vote - Summit Foundation","isPartOf":{"@id":"https:\/\/staging.summit-foundation.org\/#website"},"primaryImageOfPage":{"@id":"https:\/\/staging.summit-foundation.org\/produit\/cendrier-de-vote\/#primaryimage"},"image":{"@id":"https:\/\/staging.summit-foundation.org\/produit\/cendrier-de-vote\/#primaryimage"},"thumbnailUrl":"https:\/\/staging.summit-foundation.org\/wp-content\/uploads\/2026\/02\/Cendrier-vote_inox_standard-scaled-1.webp","datePublished":"2026-02-26T15:17:37+00:00","dateModified":"2026-02-26T15:17:51+00:00","breadcrumb":{"@id":"https:\/\/staging.summit-foundation.org\/produit\/cendrier-de-vote\/#breadcrumb"},"inLanguage":"en-US","potentialAction":[{"@type":"ReadAction","target":["https:\/\/staging.summit-foundation.org\/produit\/cendrier-de-vote\/"]}]},{"@type":"ImageObject","inLanguage":"en-US","@id":"https:\/\/staging.summit-foundation.org\/produit\/cendrier-de-vote\/#primaryimage","url":"https:\/\/staging.summit-foundation.org\/wp-content\/uploads\/2026\/02\/Cendrier-vote_inox_standard-scaled-1.webp","contentUrl":"https:\/\/staging.summit-foundation.org\/wp-content\/uploads\/2026\/02\/Cendrier-vote_inox_standard-scaled-1.webp","width":1920,"height":2560},{"@type":"BreadcrumbList","@id":"https:\/\/staging.summit-foundation.org\/produit\/cendrier-de-vote\/#breadcrumb","itemListElement":[{"@type":"ListItem","position":1,"name":"Accueil","item":"https:\/\/staging.summit-foundation.org\/"},{"@type":"ListItem","position":2,"name":"Boutique","item":"https:\/\/staging.summit-foundation.org\/boutique\/"},{"@type":"ListItem","position":3,"name":"Cendrier de vote"}]},{"@type":"WebSite","@id":"https:\/\/staging.summit-foundation.org\/#website","url":"https:\/\/staging.summit-foundation.org\/","name":"Summit Foundation","description":"WORKING FOR CLEANER MOUNTAINS","potentialAction":[{"@type":"SearchAction","target":{"@type":"EntryPoint","urlTemplate":"https:\/\/staging.summit-foundation.org\/?s={search_term_string}"},"query-input":{"@type":"PropertyValueSpecification","valueRequired":true,"valueName":"search_term_string"}}],"inLanguage":"en-US"}]}},"_links":{"self":[{"href":"https:\/\/staging.summit-foundation.org\/en\/wp-json\/wp\/v2\/product\/1923","targetHints":{"allow":["GET"]}}],"collection":[{"href":"https:\/\/staging.summit-foundation.org\/en\/wp-json\/wp\/v2\/product"}],"about":[{"href":"https:\/\/staging.summit-foundation.org\/en\/wp-json\/wp\/v2\/types\/product"}],"replies":[{"embeddable":true,"href":"https:\/\/staging.summit-foundation.org\/en\/wp-json\/wp\/v2\/comments?post=1923"}],"version-history":[{"count":1,"href":"https:\/\/staging.summit-foundation.org\/en\/wp-json\/wp\/v2\/product\/1923\/revisions"}],"predecessor-version":[{"id":1970,"href":"https:\/\/staging.summit-foundation.org\/en\/wp-json\/wp\/v2\/product\/1923\/revisions\/1970"}],"wp:featuredmedia":[{"embeddable":true,"href":"https:\/\/staging.summit-foundation.org\/en\/wp-json\/wp\/v2\/media\/1969"}],"wp:attachment":[{"href":"https:\/\/staging.summit-foundation.org\/en\/wp-json\/wp\/v2\/media?parent=1923"}],"wp:term":[{"taxonomy":"product_brand","embeddable":true,"href":"https:\/\/staging.summit-foundation.org\/en\/wp-json\/wp\/v2\/product_brand?post=1923"},{"taxonomy":"product_cat","embeddable":true,"href":"https:\/\/staging.summit-foundation.org\/en\/wp-json\/wp\/v2\/product_cat?post=1923"},{"taxonomy":"product_tag","embeddable":true,"href":"https:\/\/staging.summit-foundation.org\/en\/wp-json\/wp\/v2\/product_tag?post=1923"}],"curies":[{"name":"wp","href":"https:\/\/api.w.org\/{rel}","templated":true}]}}