{"id":1915,"date":"2026-02-26T15:17:36","date_gmt":"2026-02-26T15:17:36","guid":{"rendered":"https:\/\/staging.summit-foundation.org\/?post_type=product&#038;p=1915"},"modified":"2026-02-26T15:17:43","modified_gmt":"2026-02-26T15:17:43","slug":"don-a-summit-foundation","status":"publish","type":"product","link":"https:\/\/staging.summit-foundation.org\/en\/product\/don-a-summit-foundation\/","title":{"rendered":"Don \u00e0 Summit Foundation"},"content":{"rendered":"<p>Un g\u00e9n\u00e9reux don \u00e0 Summit Foundation<\/p>","protected":false},"excerpt":{"rendered":"<p>Un g\u00e9n\u00e9reux don \u00e0 Summit Foundation<\/p>","protected":false},"featured_media":1954,"comment_status":"closed","ping_status":"closed","template":"","meta":{"_acf_changed":false},"product_brand":[],"product_cat":[22],"product_tag":[],"class_list":{"0":"post-1915","1":"product","2":"type-product","3":"status-publish","4":"has-post-thumbnail","6":"product_cat-uncategorized","8":"first","9":"instock","10":"virtual","11":"purchasable","12":"product-type-simple"},"acf":[],"yoast_head":"<!-- This site is optimized with the Yoast SEO plugin v26.8-RC7 - https:\/\/yoast.com\/product\/yoast-seo-wordpress\/ -->\n<title>Don \u00e0 Summit Foundation - Summit Foundation<\/title>\n<meta name=\"robots\" content=\"index, follow, max-snippet:-1, max-image-preview:large, max-video-preview:-1\" \/>\n<link rel=\"canonical\" href=\"https:\/\/staging.summit-foundation.org\/en\/product\/don-a-summit-foundation\/\" \/>\n<meta property=\"og:locale\" content=\"en_US\" \/>\n<meta property=\"og:type\" content=\"article\" \/>\n<meta property=\"og:title\" content=\"Don \u00e0 Summit Foundation - Summit Foundation\" \/>\n<meta property=\"og:description\" content=\"Un g\u00e9n\u00e9reux don \u00e0 Summit Foundation\" \/>\n<meta property=\"og:url\" content=\"https:\/\/staging.summit-foundation.org\/en\/product\/don-a-summit-foundation\/\" \/>\n<meta property=\"og:site_name\" content=\"Summit Foundation\" \/>\n<meta property=\"article:modified_time\" content=\"2026-02-26T15:17:43+00:00\" \/>\n<meta name=\"twitter:card\" content=\"summary_large_image\" \/>\n<script type=\"application\/ld+json\" class=\"yoast-schema-graph\">{\"@context\":\"https:\/\/schema.org\",\"@graph\":[{\"@type\":\"WebPage\",\"@id\":\"https:\/\/staging.summit-foundation.org\/produit\/don-a-summit-foundation\/\",\"url\":\"https:\/\/staging.summit-foundation.org\/produit\/don-a-summit-foundation\/\",\"name\":\"Don \u00e0 Summit Foundation - Summit Foundation\",\"isPartOf\":{\"@id\":\"https:\/\/staging.summit-foundation.org\/#website\"},\"primaryImageOfPage\":{\"@id\":\"https:\/\/staging.summit-foundation.org\/produit\/don-a-summit-foundation\/#primaryimage\"},\"image\":{\"@id\":\"https:\/\/staging.summit-foundation.org\/produit\/don-a-summit-foundation\/#primaryimage\"},\"thumbnailUrl\":\"https:\/\/staging.summit-foundation.org\/wp-content\/uploads\/2026\/02\/donation.jpg\",\"datePublished\":\"2026-02-26T15:17:36+00:00\",\"dateModified\":\"2026-02-26T15:17:43+00:00\",\"breadcrumb\":{\"@id\":\"https:\/\/staging.summit-foundation.org\/produit\/don-a-summit-foundation\/#breadcrumb\"},\"inLanguage\":\"en-US\",\"potentialAction\":[{\"@type\":\"ReadAction\",\"target\":[\"https:\/\/staging.summit-foundation.org\/produit\/don-a-summit-foundation\/\"]}]},{\"@type\":\"ImageObject\",\"inLanguage\":\"en-US\",\"@id\":\"https:\/\/staging.summit-foundation.org\/produit\/don-a-summit-foundation\/#primaryimage\",\"url\":\"https:\/\/staging.summit-foundation.org\/wp-content\/uploads\/2026\/02\/donation.jpg\",\"contentUrl\":\"https:\/\/staging.summit-foundation.org\/wp-content\/uploads\/2026\/02\/donation.jpg\",\"width\":624,\"height\":624},{\"@type\":\"BreadcrumbList\",\"@id\":\"https:\/\/staging.summit-foundation.org\/produit\/don-a-summit-foundation\/#breadcrumb\",\"itemListElement\":[{\"@type\":\"ListItem\",\"position\":1,\"name\":\"Accueil\",\"item\":\"https:\/\/staging.summit-foundation.org\/\"},{\"@type\":\"ListItem\",\"position\":2,\"name\":\"Boutique\",\"item\":\"https:\/\/staging.summit-foundation.org\/boutique\/\"},{\"@type\":\"ListItem\",\"position\":3,\"name\":\"Don \u00e0 Summit Foundation\"}]},{\"@type\":\"WebSite\",\"@id\":\"https:\/\/staging.summit-foundation.org\/#website\",\"url\":\"https:\/\/staging.summit-foundation.org\/\",\"name\":\"Summit Foundation\",\"description\":\"WORKING FOR CLEANER MOUNTAINS\",\"potentialAction\":[{\"@type\":\"SearchAction\",\"target\":{\"@type\":\"EntryPoint\",\"urlTemplate\":\"https:\/\/staging.summit-foundation.org\/?s={search_term_string}\"},\"query-input\":{\"@type\":\"PropertyValueSpecification\",\"valueRequired\":true,\"valueName\":\"search_term_string\"}}],\"inLanguage\":\"en-US\"}]}<\/script>\n<!-- \/ Yoast SEO plugin. -->","yoast_head_json":{"title":"Don \u00e0 Summit Foundation - Summit Foundation","robots":{"index":"index","follow":"follow","max-snippet":"max-snippet:-1","max-image-preview":"max-image-preview:large","max-video-preview":"max-video-preview:-1"},"canonical":"https:\/\/staging.summit-foundation.org\/en\/product\/don-a-summit-foundation\/","og_locale":"en_US","og_type":"article","og_title":"Don \u00e0 Summit Foundation - Summit Foundation","og_description":"Un g\u00e9n\u00e9reux don \u00e0 Summit Foundation","og_url":"https:\/\/staging.summit-foundation.org\/en\/product\/don-a-summit-foundation\/","og_site_name":"Summit Foundation","article_modified_time":"2026-02-26T15:17:43+00:00","twitter_card":"summary_large_image","schema":{"@context":"https:\/\/schema.org","@graph":[{"@type":"WebPage","@id":"https:\/\/staging.summit-foundation.org\/produit\/don-a-summit-foundation\/","url":"https:\/\/staging.summit-foundation.org\/produit\/don-a-summit-foundation\/","name":"Don \u00e0 Summit Foundation - Summit Foundation","isPartOf":{"@id":"https:\/\/staging.summit-foundation.org\/#website"},"primaryImageOfPage":{"@id":"https:\/\/staging.summit-foundation.org\/produit\/don-a-summit-foundation\/#primaryimage"},"image":{"@id":"https:\/\/staging.summit-foundation.org\/produit\/don-a-summit-foundation\/#primaryimage"},"thumbnailUrl":"https:\/\/staging.summit-foundation.org\/wp-content\/uploads\/2026\/02\/donation.jpg","datePublished":"2026-02-26T15:17:36+00:00","dateModified":"2026-02-26T15:17:43+00:00","breadcrumb":{"@id":"https:\/\/staging.summit-foundation.org\/produit\/don-a-summit-foundation\/#breadcrumb"},"inLanguage":"en-US","potentialAction":[{"@type":"ReadAction","target":["https:\/\/staging.summit-foundation.org\/produit\/don-a-summit-foundation\/"]}]},{"@type":"ImageObject","inLanguage":"en-US","@id":"https:\/\/staging.summit-foundation.org\/produit\/don-a-summit-foundation\/#primaryimage","url":"https:\/\/staging.summit-foundation.org\/wp-content\/uploads\/2026\/02\/donation.jpg","contentUrl":"https:\/\/staging.summit-foundation.org\/wp-content\/uploads\/2026\/02\/donation.jpg","width":624,"height":624},{"@type":"BreadcrumbList","@id":"https:\/\/staging.summit-foundation.org\/produit\/don-a-summit-foundation\/#breadcrumb","itemListElement":[{"@type":"ListItem","position":1,"name":"Accueil","item":"https:\/\/staging.summit-foundation.org\/"},{"@type":"ListItem","position":2,"name":"Boutique","item":"https:\/\/staging.summit-foundation.org\/boutique\/"},{"@type":"ListItem","position":3,"name":"Don \u00e0 Summit Foundation"}]},{"@type":"WebSite","@id":"https:\/\/staging.summit-foundation.org\/#website","url":"https:\/\/staging.summit-foundation.org\/","name":"Summit Foundation","description":"WORKING FOR CLEANER MOUNTAINS","potentialAction":[{"@type":"SearchAction","target":{"@type":"EntryPoint","urlTemplate":"https:\/\/staging.summit-foundation.org\/?s={search_term_string}"},"query-input":{"@type":"PropertyValueSpecification","valueRequired":true,"valueName":"search_term_string"}}],"inLanguage":"en-US"}]}},"_links":{"self":[{"href":"https:\/\/staging.summit-foundation.org\/en\/wp-json\/wp\/v2\/product\/1915","targetHints":{"allow":["GET"]}}],"collection":[{"href":"https:\/\/staging.summit-foundation.org\/en\/wp-json\/wp\/v2\/product"}],"about":[{"href":"https:\/\/staging.summit-foundation.org\/en\/wp-json\/wp\/v2\/types\/product"}],"replies":[{"embeddable":true,"href":"https:\/\/staging.summit-foundation.org\/en\/wp-json\/wp\/v2\/comments?post=1915"}],"version-history":[{"count":1,"href":"https:\/\/staging.summit-foundation.org\/en\/wp-json\/wp\/v2\/product\/1915\/revisions"}],"predecessor-version":[{"id":1955,"href":"https:\/\/staging.summit-foundation.org\/en\/wp-json\/wp\/v2\/product\/1915\/revisions\/1955"}],"wp:featuredmedia":[{"embeddable":true,"href":"https:\/\/staging.summit-foundation.org\/en\/wp-json\/wp\/v2\/media\/1954"}],"wp:attachment":[{"href":"https:\/\/staging.summit-foundation.org\/en\/wp-json\/wp\/v2\/media?parent=1915"}],"wp:term":[{"taxonomy":"product_brand","embeddable":true,"href":"https:\/\/staging.summit-foundation.org\/en\/wp-json\/wp\/v2\/product_brand?post=1915"},{"taxonomy":"product_cat","embeddable":true,"href":"https:\/\/staging.summit-foundation.org\/en\/wp-json\/wp\/v2\/product_cat?post=1915"},{"taxonomy":"product_tag","embeddable":true,"href":"https:\/\/staging.summit-foundation.org\/en\/wp-json\/wp\/v2\/product_tag?post=1915"}],"curies":[{"name":"wp","href":"https:\/\/api.w.org\/{rel}","templated":true}]}}