{"id":2331,"date":"2026-03-05T08:55:52","date_gmt":"2026-03-05T08:55:52","guid":{"rendered":"https:\/\/staging.summit-foundation.org\/?post_type=product&#038;p=2331"},"modified":"2026-03-05T12:55:58","modified_gmt":"2026-03-05T12:55:58","slug":"yum-yum-en-pret","status":"publish","type":"product","link":"https:\/\/staging.summit-foundation.org\/de\/produkt\/yum-yum-en-pret\/","title":{"rendered":"Yum Yum! EN \u2013 Verleihen"},"content":{"rendered":"<p data-start=\"0\" data-end=\"132\">Verf\u00fcgbar in FR\/DE\/IT\/EN<\/p>\n<p data-start=\"0\" data-end=\"132\" class=\"translation-block\"><strong data-start=\"0\" data-end=\"79\">Sensibilisierungs-Comic-Sprechblasen - das spielerische Medium, das im Ged\u00e4chtnis bleibt<\/strong><br data-start=\"79\" data-end=\"82\"><em data-start=\"82\" data-end=\"130\">Kostenlose Ausleihe f\u00fcr Veranstaltungen in der Schweiz<\/em><\/p>\n<p data-start=\"134\" data-end=\"447\" class=\"translation-block\">Seit mehr als zehn Jahren verbreitet Summit Foundation ihre Umweltbotschaften in Form von Tafeln in \"Comic-Sprechblasen\"-Optik. Direkt auf Skipisten, Wanderwegen oder an Veranstaltungsorten installiert, ziehen diese Sprechblasen die Blicke auf sich, bringen zum Schmunzeln und l\u00f6sen den richtigen Reflex aus! <span class=\"\" data-state=\"closed\"><span class=\"ms-1 inline-flex max-w-full items-center relative top-[-0.094rem] animate-[show_150ms_ease-in]\"><a class=\"flex h-4.5 overflow-hidden rounded-xl px-2 text-[0.5625em] font-medium text-token-text-secondary! bg-[#F4F4F4]! dark:bg-[#303030]! transition-colors duration-150 ease-in-out\" href=\"https:\/\/summit-foundation.org\/sensibilisation\/\" target=\"_blank\" rel=\"noopener\"><span class=\"relative start-0 bottom-0 flex h-full w-full items-center\"><span class=\"flex h-4 w-full items-center justify-between overflow-hidden\"><span class=\"max-w-full grow truncate overflow-hidden text-center\">summit-foundation.org<\/span><\/span><\/span><\/a><\/span><\/span><\/p>\n<hr data-start=\"449\" data-end=\"452\" \/>\n<h3 data-start=\"454\" data-end=\"487\">Warum die Sprechblasen w\u00e4hlen?<\/h3>\n<div class=\"_tableContainer_16hzy_1\">\n<div class=\"_tableWrapper_16hzy_14 group flex w-fit flex-col-reverse\" tabindex=\"-1\">\n<table class=\"w-fit min-w-(--thread-content-width)\" data-start=\"489\" data-end=\"981\">\n<thead data-start=\"489\" data-end=\"535\">\n<tr data-start=\"489\" data-end=\"535\">\n<th data-start=\"489\" data-end=\"505\" data-col-size=\"md\">Nachgewiesene Wirkung<\/th>\n<th data-start=\"505\" data-end=\"517\" data-col-size=\"lg\">Praktikabilit\u00e4t<\/th>\n<th data-start=\"517\" data-end=\"535\" data-col-size=\"lg\">Mehrwert<\/th>\n<\/tr>\n<\/thead>\n<tbody data-start=\"583\" data-end=\"981\">\n<tr data-start=\"583\" data-end=\"981\">\n<td data-start=\"583\" data-end=\"721\" data-col-size=\"md\" class=\"translation-block\">\u00dcber 1.000 Sujets sind bereits in <strong data-start=\"621\" data-end=\"637\">50+ Stationen<\/strong> installiert; jedes Jahr Millionen von Kontakten. <span class=\"\" data-state=\"closed\"><span class=\"ms-1 inline-flex max-w-full items-center relative top-[-0.094rem] animate-[show_150ms_ease-in]\"><a class=\"flex h-4.5 overflow-hidden rounded-xl px-2 text-[0.5625em] font-medium text-token-text-secondary! bg-[#F4F4F4]! dark:bg-[#303030]! transition-colors duration-150 ease-in-out\" href=\"https:\/\/summit-foundation.org\/sensibilisation\/\" target=\"_blank\" rel=\"noopener\"><span class=\"relative start-0 bottom-0 flex h-full w-full items-center\"><span class=\"flex h-4 w-full items-center justify-between overflow-hidden\"><span class=\"max-w-full grow truncate overflow-hidden text-center\">summit-foundation.org<\/span><\/span><\/span><\/a><\/span><\/span><\/td>\n<td data-col-size=\"lg\" data-start=\"721\" data-end=\"834\">Leicht, witterungsbest\u00e4ndig (3 mm Alu-Verbund, UV-Druck), schnelle Befestigung mit Kabelbindern oder Schrauben.<\/td>\n<td data-col-size=\"lg\" data-start=\"834\" data-end=\"981\" class=\"translation-block\">Botschaften verf\u00fcgbar in <strong data-start=\"860\" data-end=\"881\">FR \/ DE \/ EN \/ IT<\/strong>; kostenlose Ausleihe dank dem Nachhaltigkeitsfonds FFG Lausanne 2025. <span class=\"\" data-state=\"closed\"><span class=\"ms-1 inline-flex max-w-full items-center relative top-[-0.094rem] animate-[show_150ms_ease-in]\"><a class=\"flex h-4.5 overflow-hidden rounded-xl px-2 text-[0.5625em] font-medium text-token-text-secondary! bg-[#F4F4F4]! dark:bg-[#303030]! transition-colors duration-150 ease-in-out\" href=\"https:\/\/summit-foundation.org\/sensibilisation\/\" target=\"_blank\" rel=\"noopener\"><span class=\"relative start-0 bottom-0 flex h-full w-full items-center\"><span class=\"flex h-4 w-full items-center justify-between overflow-hidden\"><span class=\"max-w-full grow truncate overflow-hidden text-center\">summit-foundation.org<\/span><\/span><\/span><\/a><\/span><\/span><\/td>\n<\/tr>\n<\/tbody>\n<\/table>\n<div class=\"sticky end-(--thread-content-margin) h-0 self-end select-none\">\n<div class=\"absolute end-0 flex items-end\"><\/div>\n<\/div>\n<\/div>\n<\/div>\n<hr data-start=\"983\" data-end=\"986\" \/>\n<h3 data-start=\"988\" data-end=\"1006\">Inhalt des Kits<\/h3>\n<ul data-start=\"1008\" data-end=\"1487\">\n<li data-start=\"1008\" data-end=\"1187\">\n<p data-start=\"1010\" data-end=\"1187\" class=\"translation-block\"><strong data-start=\"1010\" data-end=\"1037\">7 aktuelle Themen<\/strong> (Plastik, Zigarettenstummel, Verlust von Gegenst\u00e4nden, PFAS usw.), entsprechend den wissenschaftlichen Daten der Kampagne 2022-2026. <span class=\"\" data-state=\"closed\"><span class=\"ms-1 inline-flex max-w-full items-center relative top-[-0.094rem] animate-[show_150ms_ease-in]\"><a class=\"flex h-4.5 overflow-hidden rounded-xl px-2 text-[0.5625em] font-medium text-token-text-secondary! bg-[#F4F4F4]! dark:bg-[#303030]! transition-colors duration-150 ease-in-out\" href=\"https:\/\/summit-foundation.org\/sensibilisation\/\" target=\"_blank\" rel=\"noopener\"><span class=\"relative start-0 bottom-0 flex h-full w-full items-center\"><span class=\"flex h-4 w-full items-center justify-between overflow-hidden\"><span class=\"max-w-full grow truncate overflow-hidden text-center\">summit-foundation.org<\/span><\/span><\/span><\/a><\/span><\/span><\/p>\n<\/li>\n<li data-start=\"1188\" data-end=\"1249\">\n<p data-start=\"1190\" data-end=\"1249\"><strong data-start=\"1190\" data-end=\"1200\">Format<\/strong> : env. 60 \u00d7 45 cm (selon visuel), recto.<\/p>\n<\/li>\n<\/ul>\n<hr data-start=\"1489\" data-end=\"1492\" \/>\n<h3 data-start=\"1494\" data-end=\"1529\">Bedingungen der Bereitstellung<\/h3>\n<ol data-start=\"1531\" data-end=\"1768\">\n<li data-start=\"1531\" data-end=\"1592\">\n<p data-start=\"1534\" data-end=\"1592\" class=\"translation-block\"><strong data-start=\"1534\" data-end=\"1546\">Buchen Sie<\/strong> Ihre Blasen.<\/p>\n<\/li>\n<li data-start=\"1593\" data-end=\"1678\">\n<p data-start=\"1596\" data-end=\"1678\" class=\"translation-block\"><strong data-start=\"1682\" data-end=\"1695\">Stellen Sie<\/strong> sie an Ihrem Standort auf, und <strong data-start=\"1721\" data-end=\"1733\">senden Sie<\/strong> sie nach der Veranstaltung gereinigt zur\u00fcck.<\/p>\n<\/li>\n<li data-start=\"1679\" data-end=\"1768\">\n<p data-start=\"1682\" data-end=\"1768\"><strong data-start=\"1682\" data-end=\"1695\">Installez<\/strong>-les sur votre site, puis <strong data-start=\"1721\" data-end=\"1733\">renvoyez<\/strong>-les nettoy\u00e9es apr\u00e8s l\u2019\u00e9v\u00e9nement.<\/p>\n<\/li>\n<\/ol>\n<blockquote data-start=\"1770\" data-end=\"1865\">\n<p data-start=\"1772\" data-end=\"1865\">Ben\u00f6tigen Sie ein individuelles Visual oder einen zus\u00e4tzlichen Druck? Kontaktieren Sie uns f\u00fcr ein Angebot.<\/p>\n<\/blockquote>\n<hr data-start=\"1867\" data-end=\"1870\" \/>\n<h4 data-start=\"1872\" data-end=\"1934\">Ein Schl\u00fcsselinstrument, um +93% der Botschaften im Ged\u00e4chtnis zu verankern<\/h4>\n<p data-start=\"1935\" data-end=\"2077\">Verbinden Sie P\u00e4dagogik, Humor und Wirksamkeit: Bieten Sie Ihrem Publikum ein positives Erlebnis, das sich in konkrete Handlung f\u00fcr die Berge verwandelt!<\/p>","protected":false},"excerpt":{"rendered":"<p>Disponible en FR\/DE\/IT\/EN Bulles de BD de sensibilisation \u2013 le support ludique qui marque les espritsPr\u00eat gratuit pour les manifestations en Suisse Depuis plus de dix ans, Summit Foundation diffuse ses messages environnementaux sous forme de panneaux \u00ab bulles de bande dessin\u00e9e \u00bb. Install\u00e9es directement sur les pistes, sentiers ou sites d\u2019\u00e9v\u00e9nement, ces bulles attirent [&hellip;]<\/p>","protected":false},"featured_media":2387,"comment_status":"closed","ping_status":"closed","template":"","meta":{"_acf_changed":false},"product_brand":[],"product_cat":[30,34],"product_tag":[],"class_list":{"0":"post-2331","1":"product","2":"type-product","3":"status-publish","4":"has-post-thumbnail","6":"product_cat-pret-bulle","7":"product_cat-pret-bulle-en","8":"product_shipping_class-livraison-gratuite","10":"first","11":"instock","12":"taxable","13":"shipping-taxable","14":"purchasable","15":"product-type-redq_rental"},"acf":[],"yoast_head":"<!-- This site is optimized with the Yoast SEO plugin v26.8-RC7 - https:\/\/yoast.com\/product\/yoast-seo-wordpress\/ -->\n<title>Yum Yum! EN - Pr\u00eat - Summit Foundation<\/title>\n<meta name=\"robots\" content=\"index, follow, max-snippet:-1, max-image-preview:large, max-video-preview:-1\" \/>\n<link rel=\"canonical\" href=\"https:\/\/staging.summit-foundation.org\/de\/produkt\/yum-yum-en-pret\/\" \/>\n<meta property=\"og:locale\" content=\"de_DE\" \/>\n<meta property=\"og:type\" content=\"article\" \/>\n<meta property=\"og:title\" content=\"Yum Yum! EN - Pr\u00eat - Summit Foundation\" \/>\n<meta property=\"og:description\" content=\"Disponible en FR\/DE\/IT\/EN Bulles de BD de sensibilisation \u2013 le support ludique qui marque les espritsPr\u00eat gratuit pour les manifestations en Suisse Depuis plus de dix ans, Summit Foundation diffuse ses messages environnementaux sous forme de panneaux \u00ab bulles de bande dessin\u00e9e \u00bb. Install\u00e9es directement sur les pistes, sentiers ou sites d\u2019\u00e9v\u00e9nement, ces bulles attirent [&hellip;]\" \/>\n<meta property=\"og:url\" content=\"https:\/\/staging.summit-foundation.org\/de\/produkt\/yum-yum-en-pret\/\" \/>\n<meta property=\"og:site_name\" content=\"Summit Foundation\" \/>\n<meta property=\"article:modified_time\" content=\"2026-03-05T12:55:58+00:00\" \/>\n<meta property=\"og:image\" content=\"https:\/\/staging.summit-foundation.org\/wp-content\/uploads\/2026\/03\/SFN_BULLES-HIVER-22-26_EN_75x65cm_2025_PROD2-VECT-01-png-2.webp\" \/>\n\t<meta property=\"og:image:width\" content=\"1500\" \/>\n\t<meta property=\"og:image:height\" content=\"1303\" \/>\n\t<meta property=\"og:image:type\" content=\"image\/webp\" \/>\n<meta name=\"twitter:card\" content=\"summary_large_image\" \/>\n<meta name=\"twitter:label1\" content=\"Gesch\u00e4tzte Lesezeit\" \/>\n\t<meta name=\"twitter:data1\" content=\"2\u00a0Minuten\" \/>\n<script type=\"application\/ld+json\" class=\"yoast-schema-graph\">{\"@context\":\"https:\/\/schema.org\",\"@graph\":[{\"@type\":\"WebPage\",\"@id\":\"https:\/\/staging.summit-foundation.org\/produit\/yum-yum-en-pret\/\",\"url\":\"https:\/\/staging.summit-foundation.org\/produit\/yum-yum-en-pret\/\",\"name\":\"Yum Yum! EN - Pr\u00eat - Summit Foundation\",\"isPartOf\":{\"@id\":\"https:\/\/staging.summit-foundation.org\/#website\"},\"primaryImageOfPage\":{\"@id\":\"https:\/\/staging.summit-foundation.org\/produit\/yum-yum-en-pret\/#primaryimage\"},\"image\":{\"@id\":\"https:\/\/staging.summit-foundation.org\/produit\/yum-yum-en-pret\/#primaryimage\"},\"thumbnailUrl\":\"https:\/\/staging.summit-foundation.org\/wp-content\/uploads\/2026\/03\/SFN_BULLES-HIVER-22-26_EN_75x65cm_2025_PROD2-VECT-01-png-2.webp\",\"datePublished\":\"2026-03-05T08:55:52+00:00\",\"dateModified\":\"2026-03-05T12:55:58+00:00\",\"breadcrumb\":{\"@id\":\"https:\/\/staging.summit-foundation.org\/produit\/yum-yum-en-pret\/#breadcrumb\"},\"inLanguage\":\"de\",\"potentialAction\":[{\"@type\":\"ReadAction\",\"target\":[\"https:\/\/staging.summit-foundation.org\/produit\/yum-yum-en-pret\/\"]}]},{\"@type\":\"ImageObject\",\"inLanguage\":\"de\",\"@id\":\"https:\/\/staging.summit-foundation.org\/produit\/yum-yum-en-pret\/#primaryimage\",\"url\":\"https:\/\/staging.summit-foundation.org\/wp-content\/uploads\/2026\/03\/SFN_BULLES-HIVER-22-26_EN_75x65cm_2025_PROD2-VECT-01-png-2.webp\",\"contentUrl\":\"https:\/\/staging.summit-foundation.org\/wp-content\/uploads\/2026\/03\/SFN_BULLES-HIVER-22-26_EN_75x65cm_2025_PROD2-VECT-01-png-2.webp\",\"width\":1500,\"height\":1303},{\"@type\":\"BreadcrumbList\",\"@id\":\"https:\/\/staging.summit-foundation.org\/produit\/yum-yum-en-pret\/#breadcrumb\",\"itemListElement\":[{\"@type\":\"ListItem\",\"position\":1,\"name\":\"Accueil\",\"item\":\"https:\/\/staging.summit-foundation.org\/\"},{\"@type\":\"ListItem\",\"position\":2,\"name\":\"Boutique\",\"item\":\"https:\/\/staging.summit-foundation.org\/boutique\/\"},{\"@type\":\"ListItem\",\"position\":3,\"name\":\"Yum Yum! EN &#8211; Pr\u00eat\"}]},{\"@type\":\"WebSite\",\"@id\":\"https:\/\/staging.summit-foundation.org\/#website\",\"url\":\"https:\/\/staging.summit-foundation.org\/\",\"name\":\"Summit Foundation\",\"description\":\"WORKING FOR CLEANER MOUNTAINS\",\"potentialAction\":[{\"@type\":\"SearchAction\",\"target\":{\"@type\":\"EntryPoint\",\"urlTemplate\":\"https:\/\/staging.summit-foundation.org\/?s={search_term_string}\"},\"query-input\":{\"@type\":\"PropertyValueSpecification\",\"valueRequired\":true,\"valueName\":\"search_term_string\"}}],\"inLanguage\":\"de\"}]}<\/script>\n<!-- \/ Yoast SEO plugin. -->","yoast_head_json":{"title":"Yum Yum! EN - Pr\u00eat - Summit Foundation","robots":{"index":"index","follow":"follow","max-snippet":"max-snippet:-1","max-image-preview":"max-image-preview:large","max-video-preview":"max-video-preview:-1"},"canonical":"https:\/\/staging.summit-foundation.org\/de\/produkt\/yum-yum-en-pret\/","og_locale":"de_DE","og_type":"article","og_title":"Yum Yum! EN - Pr\u00eat - Summit Foundation","og_description":"Disponible en FR\/DE\/IT\/EN Bulles de BD de sensibilisation \u2013 le support ludique qui marque les espritsPr\u00eat gratuit pour les manifestations en Suisse Depuis plus de dix ans, Summit Foundation diffuse ses messages environnementaux sous forme de panneaux \u00ab bulles de bande dessin\u00e9e \u00bb. Install\u00e9es directement sur les pistes, sentiers ou sites d\u2019\u00e9v\u00e9nement, ces bulles attirent [&hellip;]","og_url":"https:\/\/staging.summit-foundation.org\/de\/produkt\/yum-yum-en-pret\/","og_site_name":"Summit Foundation","article_modified_time":"2026-03-05T12:55:58+00:00","og_image":[{"width":1500,"height":1303,"url":"https:\/\/staging.summit-foundation.org\/wp-content\/uploads\/2026\/03\/SFN_BULLES-HIVER-22-26_EN_75x65cm_2025_PROD2-VECT-01-png-2.webp","type":"image\/webp"}],"twitter_card":"summary_large_image","twitter_misc":{"Gesch\u00e4tzte Lesezeit":"2\u00a0Minuten"},"schema":{"@context":"https:\/\/schema.org","@graph":[{"@type":"WebPage","@id":"https:\/\/staging.summit-foundation.org\/produit\/yum-yum-en-pret\/","url":"https:\/\/staging.summit-foundation.org\/produit\/yum-yum-en-pret\/","name":"Yum Yum! EN - Pr\u00eat - Summit Foundation","isPartOf":{"@id":"https:\/\/staging.summit-foundation.org\/#website"},"primaryImageOfPage":{"@id":"https:\/\/staging.summit-foundation.org\/produit\/yum-yum-en-pret\/#primaryimage"},"image":{"@id":"https:\/\/staging.summit-foundation.org\/produit\/yum-yum-en-pret\/#primaryimage"},"thumbnailUrl":"https:\/\/staging.summit-foundation.org\/wp-content\/uploads\/2026\/03\/SFN_BULLES-HIVER-22-26_EN_75x65cm_2025_PROD2-VECT-01-png-2.webp","datePublished":"2026-03-05T08:55:52+00:00","dateModified":"2026-03-05T12:55:58+00:00","breadcrumb":{"@id":"https:\/\/staging.summit-foundation.org\/produit\/yum-yum-en-pret\/#breadcrumb"},"inLanguage":"de","potentialAction":[{"@type":"ReadAction","target":["https:\/\/staging.summit-foundation.org\/produit\/yum-yum-en-pret\/"]}]},{"@type":"ImageObject","inLanguage":"de","@id":"https:\/\/staging.summit-foundation.org\/produit\/yum-yum-en-pret\/#primaryimage","url":"https:\/\/staging.summit-foundation.org\/wp-content\/uploads\/2026\/03\/SFN_BULLES-HIVER-22-26_EN_75x65cm_2025_PROD2-VECT-01-png-2.webp","contentUrl":"https:\/\/staging.summit-foundation.org\/wp-content\/uploads\/2026\/03\/SFN_BULLES-HIVER-22-26_EN_75x65cm_2025_PROD2-VECT-01-png-2.webp","width":1500,"height":1303},{"@type":"BreadcrumbList","@id":"https:\/\/staging.summit-foundation.org\/produit\/yum-yum-en-pret\/#breadcrumb","itemListElement":[{"@type":"ListItem","position":1,"name":"Accueil","item":"https:\/\/staging.summit-foundation.org\/"},{"@type":"ListItem","position":2,"name":"Boutique","item":"https:\/\/staging.summit-foundation.org\/boutique\/"},{"@type":"ListItem","position":3,"name":"Yum Yum! EN &#8211; Pr\u00eat"}]},{"@type":"WebSite","@id":"https:\/\/staging.summit-foundation.org\/#website","url":"https:\/\/staging.summit-foundation.org\/","name":"Summit Foundation","description":"WORKING FOR CLEANER MOUNTAINS","potentialAction":[{"@type":"SearchAction","target":{"@type":"EntryPoint","urlTemplate":"https:\/\/staging.summit-foundation.org\/?s={search_term_string}"},"query-input":{"@type":"PropertyValueSpecification","valueRequired":true,"valueName":"search_term_string"}}],"inLanguage":"de"}]}},"_links":{"self":[{"href":"https:\/\/staging.summit-foundation.org\/de\/wp-json\/wp\/v2\/product\/2331","targetHints":{"allow":["GET"]}}],"collection":[{"href":"https:\/\/staging.summit-foundation.org\/de\/wp-json\/wp\/v2\/product"}],"about":[{"href":"https:\/\/staging.summit-foundation.org\/de\/wp-json\/wp\/v2\/types\/product"}],"replies":[{"embeddable":true,"href":"https:\/\/staging.summit-foundation.org\/de\/wp-json\/wp\/v2\/comments?post=2331"}],"version-history":[{"count":1,"href":"https:\/\/staging.summit-foundation.org\/de\/wp-json\/wp\/v2\/product\/2331\/revisions"}],"predecessor-version":[{"id":2388,"href":"https:\/\/staging.summit-foundation.org\/de\/wp-json\/wp\/v2\/product\/2331\/revisions\/2388"}],"wp:featuredmedia":[{"embeddable":true,"href":"https:\/\/staging.summit-foundation.org\/de\/wp-json\/wp\/v2\/media\/2387"}],"wp:attachment":[{"href":"https:\/\/staging.summit-foundation.org\/de\/wp-json\/wp\/v2\/media?parent=2331"}],"wp:term":[{"taxonomy":"product_brand","embeddable":true,"href":"https:\/\/staging.summit-foundation.org\/de\/wp-json\/wp\/v2\/product_brand?post=2331"},{"taxonomy":"product_cat","embeddable":true,"href":"https:\/\/staging.summit-foundation.org\/de\/wp-json\/wp\/v2\/product_cat?post=2331"},{"taxonomy":"product_tag","embeddable":true,"href":"https:\/\/staging.summit-foundation.org\/de\/wp-json\/wp\/v2\/product_tag?post=2331"}],"curies":[{"name":"wp","href":"https:\/\/api.w.org\/{rel}","templated":true}]}}