{"id":2131,"date":"2026-02-26T15:18:44","date_gmt":"2026-02-26T15:18:44","guid":{"rendered":"https:\/\/staging.summit-foundation.org\/?post_type=product&#038;p=2131"},"modified":"2026-03-05T13:59:05","modified_gmt":"2026-03-05T13:59:05","slug":"snowboard-summit-foundation-limited-edition-25th-anniversary","status":"publish","type":"product","link":"https:\/\/staging.summit-foundation.org\/de\/produkt\/snowboard-summit-foundation-limited-edition-25th-anniversary\/","title":{"rendered":"Snowboard Summit Foundation &#8211; Limited edition 25th anniversary"},"content":{"rendered":"<p data-start=\"188\" data-end=\"719\">R\u00e9alis\u00e9 en<strong>\u00a0partenariat<\/strong>\u00a0avec l&rsquo;artiste veveysanne\u00a0<strong>Milena Quattrocchi<\/strong>\u00a0et la marque suisse embl\u00e9matique\u00a0<strong>Nidecker<\/strong>, bas\u00e9e \u00e0 Rolle (VD), ce snowboard d\u00e9j\u00e0 iconique est \u00e9dit\u00e9 \u00e0\u00a0<strong>25 exemplaires num\u00e9rot\u00e9s et sign\u00e9s<\/strong> par notre directeur et fondateur, Laurent Thurnheer.<\/p>\n<p>L&rsquo;<strong>Escape Plus \u2013 limited edition 25th anniversary <\/strong>est un snowboard All-Mountain puissant et pr\u00e9cis, con\u00e7u pour les riders exp\u00e9riment\u00e9s. Son <strong data-start=\"314\" data-end=\"341\">profil Camber classique<\/strong> offre un contr\u00f4le des carres optimal, tandis que la construction <strong data-start=\"407\" data-end=\"445\">Master Core (peuplier + paulownia)<\/strong> garantit un excellent rapport l\u00e9g\u00e8ret\u00e9\/solidit\u00e9. Les renforts <strong data-start=\"508\" data-end=\"522\">Pop Carbon<\/strong> apportent un pop r\u00e9actif et une meilleure stabilit\u00e9 \u00e0 haute vitesse. Avec son <strong data-start=\"601\" data-end=\"623\">shape directionnel<\/strong> et son <strong data-start=\"631\" data-end=\"643\">flex mid-stiff<\/strong>, cette planche est id\u00e9ale pour un ride agressif sur tous types de terrains.<\/p>\n<h5 data-start=\"188\" data-end=\"719\"><em><span style=\"color: #ff0000;\"><strong>pour une livraison \u00e0 l&rsquo;etranger, merci de nous contacter.\u00a0<\/strong><\/span><\/em><\/h5>\n<hr data-start=\"721\" data-end=\"724\" \/>\n<h2 data-start=\"1078\" data-end=\"1110\"><strong data-start=\"1081\" data-end=\"1110\">Sp\u00e9cifications techniques<\/strong><\/h2>\n<ul data-start=\"745\" data-end=\"1071\">\n<li data-start=\"973\" data-end=\"1022\">\n<p data-start=\"975\" data-end=\"1022\">Type : <strong>all-mountain<\/strong><\/p>\n<\/li>\n<li data-start=\"973\" data-end=\"1022\">\n<p data-start=\"975\" data-end=\"1022\">Unisex, riders exp\u00e9riment\u00e9s<\/p>\n<\/li>\n<li data-start=\"1023\" data-end=\"1046\">\n<p data-start=\"1025\" data-end=\"1046\">Taille : <strong data-start=\"1034\" data-end=\"1044\">156 cm<\/strong><\/p>\n<\/li>\n<li data-start=\"745\" data-end=\"764\">\n<p data-start=\"747\" data-end=\"764\">Profil <strong>camber<\/strong> pour une accroche maximale<\/p>\n<\/li>\n<li data-start=\"814\" data-end=\"884\">\n<p data-start=\"816\" data-end=\"884\"><strong data-start=\"816\" data-end=\"831\">Master Core<\/strong> (peuplier + paulownia) : l\u00e9ger, solide, performant<\/p>\n<\/li>\n<li data-start=\"885\" data-end=\"931\">\n<p data-start=\"887\" data-end=\"931\">Renforts <strong data-start=\"896\" data-end=\"910\">pop carbon<\/strong> : pop + r\u00e9activit\u00e9<\/p>\n<\/li>\n<li data-start=\"932\" data-end=\"972\">\n<p data-start=\"934\" data-end=\"972\">Shape <strong data-start=\"940\" data-end=\"956\">directionnel polyvalent<\/strong>, flex interm\u00e9diaire rigide (<strong>mid-stiff<\/strong>)<\/p>\n<\/li>\n<li data-start=\"1047\" data-end=\"1071\">\n<p data-start=\"1049\" data-end=\"1071\">Fixations non incluses<\/p>\n<\/li>\n<\/ul>\n<p>Pour plus d&rsquo;informations rendez-vous sur le site de Nidecker <a href=\"https:\/\/eu.nidecker.com\/products\/escape-plus-2026\">https:\/\/eu.nidecker.com\/products\/escape-plus-2026<\/a><\/p>","protected":false},"excerpt":{"rendered":"<p>R\u00e9alis\u00e9 en\u00a0partenariat\u00a0avec l&rsquo;artiste veveysanne\u00a0Milena Quattrocchi\u00a0et la marque suisse embl\u00e9matique\u00a0Nidecker, bas\u00e9e \u00e0 Rolle (VD), ce snowboard d\u00e9j\u00e0 iconique est \u00e9dit\u00e9 \u00e0\u00a025 exemplaires num\u00e9rot\u00e9s et sign\u00e9s par notre directeur et fondateur, Laurent Thurnheer. L&rsquo;Escape Plus \u2013 limited edition 25th anniversary est un snowboard All-Mountain puissant et pr\u00e9cis, con\u00e7u pour les riders exp\u00e9riment\u00e9s. Son profil Camber classique offre [&hellip;]<\/p>","protected":false},"featured_media":2132,"comment_status":"closed","ping_status":"closed","template":"","meta":{"_acf_changed":false},"product_brand":[],"product_cat":[35],"product_tag":[],"class_list":{"0":"post-2131","1":"product","2":"type-product","3":"status-publish","4":"has-post-thumbnail","6":"product_cat-special","7":"product_shipping_class-livraison-gratuite","9":"first","10":"instock","11":"sold-individually","12":"taxable","13":"shipping-taxable","14":"product-type-simple"},"acf":[],"yoast_head":"<!-- This site is optimized with the Yoast SEO plugin v26.8-RC7 - https:\/\/yoast.com\/product\/yoast-seo-wordpress\/ -->\n<title>Snowboard Summit Foundation - Limited edition 25th anniversary - Summit Foundation<\/title>\n<meta name=\"robots\" content=\"index, follow, max-snippet:-1, max-image-preview:large, max-video-preview:-1\" \/>\n<link rel=\"canonical\" href=\"https:\/\/staging.summit-foundation.org\/de\/produkt\/snowboard-summit-foundation-limited-edition-25th-anniversary\/\" \/>\n<meta property=\"og:locale\" content=\"de_DE\" \/>\n<meta property=\"og:type\" content=\"article\" \/>\n<meta property=\"og:title\" content=\"Snowboard Summit Foundation - Limited edition 25th anniversary - Summit Foundation\" \/>\n<meta property=\"og:description\" content=\"R\u00e9alis\u00e9 en\u00a0partenariat\u00a0avec l&rsquo;artiste veveysanne\u00a0Milena Quattrocchi\u00a0et la marque suisse embl\u00e9matique\u00a0Nidecker, bas\u00e9e \u00e0 Rolle (VD), ce snowboard d\u00e9j\u00e0 iconique est \u00e9dit\u00e9 \u00e0\u00a025 exemplaires num\u00e9rot\u00e9s et sign\u00e9s par notre directeur et fondateur, Laurent Thurnheer. L&rsquo;Escape Plus \u2013 limited edition 25th anniversary est un snowboard All-Mountain puissant et pr\u00e9cis, con\u00e7u pour les riders exp\u00e9riment\u00e9s. Son profil Camber classique offre [&hellip;]\" \/>\n<meta property=\"og:url\" content=\"https:\/\/staging.summit-foundation.org\/de\/produkt\/snowboard-summit-foundation-limited-edition-25th-anniversary\/\" \/>\n<meta property=\"og:site_name\" content=\"Summit Foundation\" \/>\n<meta property=\"article:modified_time\" content=\"2026-03-05T13:59:05+00:00\" \/>\n<meta property=\"og:image\" content=\"https:\/\/staging.summit-foundation.org\/wp-content\/uploads\/2026\/02\/Nouveau-projet.webp\" \/>\n\t<meta property=\"og:image:width\" content=\"1800\" \/>\n\t<meta property=\"og:image:height\" content=\"1800\" \/>\n\t<meta property=\"og:image:type\" content=\"image\/webp\" \/>\n<meta name=\"twitter:card\" content=\"summary_large_image\" \/>\n<meta name=\"twitter:label1\" content=\"Gesch\u00e4tzte Lesezeit\" \/>\n\t<meta name=\"twitter:data1\" content=\"2\u00a0Minuten\" \/>\n<script type=\"application\/ld+json\" class=\"yoast-schema-graph\">{\"@context\":\"https:\/\/schema.org\",\"@graph\":[{\"@type\":\"WebPage\",\"@id\":\"https:\/\/staging.summit-foundation.org\/produit\/snowboard-summit-foundation-limited-edition-25th-anniversary\/\",\"url\":\"https:\/\/staging.summit-foundation.org\/produit\/snowboard-summit-foundation-limited-edition-25th-anniversary\/\",\"name\":\"Snowboard Summit Foundation - Limited edition 25th anniversary - Summit Foundation\",\"isPartOf\":{\"@id\":\"https:\/\/staging.summit-foundation.org\/#website\"},\"primaryImageOfPage\":{\"@id\":\"https:\/\/staging.summit-foundation.org\/produit\/snowboard-summit-foundation-limited-edition-25th-anniversary\/#primaryimage\"},\"image\":{\"@id\":\"https:\/\/staging.summit-foundation.org\/produit\/snowboard-summit-foundation-limited-edition-25th-anniversary\/#primaryimage\"},\"thumbnailUrl\":\"https:\/\/staging.summit-foundation.org\/wp-content\/uploads\/2026\/02\/Nouveau-projet.webp\",\"datePublished\":\"2026-02-26T15:18:44+00:00\",\"dateModified\":\"2026-03-05T13:59:05+00:00\",\"breadcrumb\":{\"@id\":\"https:\/\/staging.summit-foundation.org\/produit\/snowboard-summit-foundation-limited-edition-25th-anniversary\/#breadcrumb\"},\"inLanguage\":\"de\",\"potentialAction\":[{\"@type\":\"ReadAction\",\"target\":[\"https:\/\/staging.summit-foundation.org\/produit\/snowboard-summit-foundation-limited-edition-25th-anniversary\/\"]}]},{\"@type\":\"ImageObject\",\"inLanguage\":\"de\",\"@id\":\"https:\/\/staging.summit-foundation.org\/produit\/snowboard-summit-foundation-limited-edition-25th-anniversary\/#primaryimage\",\"url\":\"https:\/\/staging.summit-foundation.org\/wp-content\/uploads\/2026\/02\/Nouveau-projet.webp\",\"contentUrl\":\"https:\/\/staging.summit-foundation.org\/wp-content\/uploads\/2026\/02\/Nouveau-projet.webp\",\"width\":1800,\"height\":1800},{\"@type\":\"BreadcrumbList\",\"@id\":\"https:\/\/staging.summit-foundation.org\/produit\/snowboard-summit-foundation-limited-edition-25th-anniversary\/#breadcrumb\",\"itemListElement\":[{\"@type\":\"ListItem\",\"position\":1,\"name\":\"Accueil\",\"item\":\"https:\/\/staging.summit-foundation.org\/\"},{\"@type\":\"ListItem\",\"position\":2,\"name\":\"Boutique\",\"item\":\"https:\/\/staging.summit-foundation.org\/boutique\/\"},{\"@type\":\"ListItem\",\"position\":3,\"name\":\"Snowboard Summit Foundation &#8211; Limited edition 25th anniversary\"}]},{\"@type\":\"WebSite\",\"@id\":\"https:\/\/staging.summit-foundation.org\/#website\",\"url\":\"https:\/\/staging.summit-foundation.org\/\",\"name\":\"Summit Foundation\",\"description\":\"WORKING FOR CLEANER MOUNTAINS\",\"potentialAction\":[{\"@type\":\"SearchAction\",\"target\":{\"@type\":\"EntryPoint\",\"urlTemplate\":\"https:\/\/staging.summit-foundation.org\/?s={search_term_string}\"},\"query-input\":{\"@type\":\"PropertyValueSpecification\",\"valueRequired\":true,\"valueName\":\"search_term_string\"}}],\"inLanguage\":\"de\"}]}<\/script>\n<!-- \/ Yoast SEO plugin. -->","yoast_head_json":{"title":"Snowboard Summit Foundation - Limited edition 25th anniversary - Summit Foundation","robots":{"index":"index","follow":"follow","max-snippet":"max-snippet:-1","max-image-preview":"max-image-preview:large","max-video-preview":"max-video-preview:-1"},"canonical":"https:\/\/staging.summit-foundation.org\/de\/produkt\/snowboard-summit-foundation-limited-edition-25th-anniversary\/","og_locale":"de_DE","og_type":"article","og_title":"Snowboard Summit Foundation - Limited edition 25th anniversary - Summit Foundation","og_description":"R\u00e9alis\u00e9 en\u00a0partenariat\u00a0avec l&rsquo;artiste veveysanne\u00a0Milena Quattrocchi\u00a0et la marque suisse embl\u00e9matique\u00a0Nidecker, bas\u00e9e \u00e0 Rolle (VD), ce snowboard d\u00e9j\u00e0 iconique est \u00e9dit\u00e9 \u00e0\u00a025 exemplaires num\u00e9rot\u00e9s et sign\u00e9s par notre directeur et fondateur, Laurent Thurnheer. L&rsquo;Escape Plus \u2013 limited edition 25th anniversary est un snowboard All-Mountain puissant et pr\u00e9cis, con\u00e7u pour les riders exp\u00e9riment\u00e9s. Son profil Camber classique offre [&hellip;]","og_url":"https:\/\/staging.summit-foundation.org\/de\/produkt\/snowboard-summit-foundation-limited-edition-25th-anniversary\/","og_site_name":"Summit Foundation","article_modified_time":"2026-03-05T13:59:05+00:00","og_image":[{"width":1800,"height":1800,"url":"https:\/\/staging.summit-foundation.org\/wp-content\/uploads\/2026\/02\/Nouveau-projet.webp","type":"image\/webp"}],"twitter_card":"summary_large_image","twitter_misc":{"Gesch\u00e4tzte Lesezeit":"2\u00a0Minuten"},"schema":{"@context":"https:\/\/schema.org","@graph":[{"@type":"WebPage","@id":"https:\/\/staging.summit-foundation.org\/produit\/snowboard-summit-foundation-limited-edition-25th-anniversary\/","url":"https:\/\/staging.summit-foundation.org\/produit\/snowboard-summit-foundation-limited-edition-25th-anniversary\/","name":"Snowboard Summit Foundation - Limited edition 25th anniversary - Summit Foundation","isPartOf":{"@id":"https:\/\/staging.summit-foundation.org\/#website"},"primaryImageOfPage":{"@id":"https:\/\/staging.summit-foundation.org\/produit\/snowboard-summit-foundation-limited-edition-25th-anniversary\/#primaryimage"},"image":{"@id":"https:\/\/staging.summit-foundation.org\/produit\/snowboard-summit-foundation-limited-edition-25th-anniversary\/#primaryimage"},"thumbnailUrl":"https:\/\/staging.summit-foundation.org\/wp-content\/uploads\/2026\/02\/Nouveau-projet.webp","datePublished":"2026-02-26T15:18:44+00:00","dateModified":"2026-03-05T13:59:05+00:00","breadcrumb":{"@id":"https:\/\/staging.summit-foundation.org\/produit\/snowboard-summit-foundation-limited-edition-25th-anniversary\/#breadcrumb"},"inLanguage":"de","potentialAction":[{"@type":"ReadAction","target":["https:\/\/staging.summit-foundation.org\/produit\/snowboard-summit-foundation-limited-edition-25th-anniversary\/"]}]},{"@type":"ImageObject","inLanguage":"de","@id":"https:\/\/staging.summit-foundation.org\/produit\/snowboard-summit-foundation-limited-edition-25th-anniversary\/#primaryimage","url":"https:\/\/staging.summit-foundation.org\/wp-content\/uploads\/2026\/02\/Nouveau-projet.webp","contentUrl":"https:\/\/staging.summit-foundation.org\/wp-content\/uploads\/2026\/02\/Nouveau-projet.webp","width":1800,"height":1800},{"@type":"BreadcrumbList","@id":"https:\/\/staging.summit-foundation.org\/produit\/snowboard-summit-foundation-limited-edition-25th-anniversary\/#breadcrumb","itemListElement":[{"@type":"ListItem","position":1,"name":"Accueil","item":"https:\/\/staging.summit-foundation.org\/"},{"@type":"ListItem","position":2,"name":"Boutique","item":"https:\/\/staging.summit-foundation.org\/boutique\/"},{"@type":"ListItem","position":3,"name":"Snowboard Summit Foundation &#8211; Limited edition 25th anniversary"}]},{"@type":"WebSite","@id":"https:\/\/staging.summit-foundation.org\/#website","url":"https:\/\/staging.summit-foundation.org\/","name":"Summit Foundation","description":"WORKING FOR CLEANER MOUNTAINS","potentialAction":[{"@type":"SearchAction","target":{"@type":"EntryPoint","urlTemplate":"https:\/\/staging.summit-foundation.org\/?s={search_term_string}"},"query-input":{"@type":"PropertyValueSpecification","valueRequired":true,"valueName":"search_term_string"}}],"inLanguage":"de"}]}},"_links":{"self":[{"href":"https:\/\/staging.summit-foundation.org\/de\/wp-json\/wp\/v2\/product\/2131","targetHints":{"allow":["GET"]}}],"collection":[{"href":"https:\/\/staging.summit-foundation.org\/de\/wp-json\/wp\/v2\/product"}],"about":[{"href":"https:\/\/staging.summit-foundation.org\/de\/wp-json\/wp\/v2\/types\/product"}],"replies":[{"embeddable":true,"href":"https:\/\/staging.summit-foundation.org\/de\/wp-json\/wp\/v2\/comments?post=2131"}],"version-history":[{"count":1,"href":"https:\/\/staging.summit-foundation.org\/de\/wp-json\/wp\/v2\/product\/2131\/revisions"}],"predecessor-version":[{"id":2133,"href":"https:\/\/staging.summit-foundation.org\/de\/wp-json\/wp\/v2\/product\/2131\/revisions\/2133"}],"wp:featuredmedia":[{"embeddable":true,"href":"https:\/\/staging.summit-foundation.org\/de\/wp-json\/wp\/v2\/media\/2132"}],"wp:attachment":[{"href":"https:\/\/staging.summit-foundation.org\/de\/wp-json\/wp\/v2\/media?parent=2131"}],"wp:term":[{"taxonomy":"product_brand","embeddable":true,"href":"https:\/\/staging.summit-foundation.org\/de\/wp-json\/wp\/v2\/product_brand?post=2131"},{"taxonomy":"product_cat","embeddable":true,"href":"https:\/\/staging.summit-foundation.org\/de\/wp-json\/wp\/v2\/product_cat?post=2131"},{"taxonomy":"product_tag","embeddable":true,"href":"https:\/\/staging.summit-foundation.org\/de\/wp-json\/wp\/v2\/product_tag?post=2131"}],"curies":[{"name":"wp","href":"https:\/\/api.w.org\/{rel}","templated":true}]}}